{"id":559,"date":"2024-05-12T18:09:56","date_gmt":"2024-05-12T16:09:56","guid":{"rendered":"http:\/\/nataliamoreno.es\/?post_type=product&#038;p=559"},"modified":"2025-01-23T13:38:43","modified_gmt":"2025-01-23T12:38:43","slug":"lampara-de-suspension-papel-mache-enid","status":"publish","type":"product","link":"https:\/\/nataliamoreno.es\n\/en\/product\/lampara-de-suspension-papel-mache-enid\/","title":{"rendered":"Enid paper mache lamp"},"content":{"rendered":"<p>Suspension lamp made of hand-stamped recycled paper. Design with floral motifs inspired by eighteenth-century fabrics.<\/p>\n<p>It should be noted that each piece is unique, so the location of the print may differ slightly from the image shown and may have slight imperfections typical of a handmade product. The process and materials of the lamp are eco-friendly, environmentally friendly.<\/p>","protected":false},"excerpt":{"rendered":"<p>Suspension lamp made of hand-stamped recycled paper. Design with floral motifs inspired by eighteenth-century fabrics.<\/p>\n<p>It should be noted that each piece is unique, so the location of the print may differ slightly from the image shown and may have slight imperfections typical of a handmade product. The process and materials of the lamp are eco-friendly, environmentally friendly.<\/p>","protected":false},"featured_media":2638,"template":"","meta":[],"product_brand":[],"product_cat":[15],"product_tag":[74,75],"class_list":{"0":"post-559","1":"product","2":"type-product","3":"status-publish","4":"has-post-thumbnail","6":"product_cat-lamparas","7":"product_tag-lamparas","8":"product_tag-lamparas-de-papel-mache","9":"product_shipping_class-1-3kg","11":"first","12":"instock","13":"taxable","14":"shipping-taxable","15":"purchasable","16":"product-type-simple"},"yoast_head":"<!-- This site is optimized with the Yoast SEO plugin v24.4 - https:\/\/yoast.com\/wordpress\/plugins\/seo\/ -->\n<title>L\u00e1mpara papel mach\u00e9 Enid - Natalia Moreno<\/title>\n<meta name=\"robots\" content=\"index, follow, max-snippet:-1, max-image-preview:large, max-video-preview:-1\" \/>\n<link rel=\"canonical\" href=\"https:\/\/nataliamoreno.es\/producto\/lampara-de-suspension-papel-mache-enid\/\" \/>\n<meta property=\"og:locale\" content=\"en_GB\" \/>\n<meta property=\"og:type\" content=\"article\" \/>\n<meta property=\"og:title\" content=\"L\u00e1mpara papel mach\u00e9 Enid - Natalia Moreno\" \/>\n<meta property=\"og:description\" content=\"L\u00e1mpara de suspensi\u00f3n realizada en papel reciclado estampada a mano. Dise\u00f1o con motivos florales inspirados en los tejidos del s. XVIII.  Cada pieza es \u00fanica, por lo que la ubicaci\u00f3n de la impresi\u00f3n puede diferir ligeramente de la imagen mostrada ya que es producto hecho a mano. El proceso y los materiales de la l\u00e1mpara son ecol\u00f3gicos respetuosos con el medio ambiente.\" \/>\n<meta property=\"og:url\" content=\"https:\/\/nataliamoreno.es\/producto\/lampara-de-suspension-papel-mache-enid\/\" \/>\n<meta property=\"og:site_name\" content=\"Natalia Moreno\" \/>\n<meta property=\"article:publisher\" content=\"https:\/\/www.facebook.com\/people\/Natalia-Moreno-Studio\/100064974072258\/\" \/>\n<meta property=\"article:modified_time\" content=\"2025-01-23T12:38:43+00:00\" \/>\n<meta property=\"og:image\" content=\"https:\/\/nataliamoreno.es\/wp-content\/uploads\/2024\/03\/1-ref.-Enid.jpg\" \/>\n\t<meta property=\"og:image:width\" content=\"1920\" \/>\n\t<meta property=\"og:image:height\" content=\"2507\" \/>\n\t<meta property=\"og:image:type\" content=\"image\/jpeg\" \/>\n<meta name=\"twitter:card\" content=\"summary_large_image\" \/>\n<meta name=\"twitter:label1\" content=\"Estimated reading time\" \/>\n\t<meta name=\"twitter:data1\" content=\"1 minute\" \/>\n<script type=\"application\/ld+json\" class=\"yoast-schema-graph\">{\"@context\":\"https:\/\/schema.org\",\"@graph\":[{\"@type\":\"WebPage\",\"@id\":\"https:\/\/nataliamoreno.es\/producto\/lampara-de-suspension-papel-mache-enid\/\",\"url\":\"https:\/\/nataliamoreno.es\/producto\/lampara-de-suspension-papel-mache-enid\/\",\"name\":\"L\u00e1mpara papel mach\u00e9 Enid - Natalia Moreno\",\"isPartOf\":{\"@id\":\"https:\/\/nataliamoreno.es\/#website\"},\"primaryImageOfPage\":{\"@id\":\"https:\/\/nataliamoreno.es\/producto\/lampara-de-suspension-papel-mache-enid\/#primaryimage\"},\"image\":{\"@id\":\"https:\/\/nataliamoreno.es\/producto\/lampara-de-suspension-papel-mache-enid\/#primaryimage\"},\"thumbnailUrl\":\"https:\/\/nataliamoreno.es\\n\/wp-content\/uploads\/2024\/03\/1-ref.-Enid.jpg\",\"datePublished\":\"2024-05-12T16:09:56+00:00\",\"dateModified\":\"2025-01-23T12:38:43+00:00\",\"breadcrumb\":{\"@id\":\"https:\/\/nataliamoreno.es\/producto\/lampara-de-suspension-papel-mache-enid\/#breadcrumb\"},\"inLanguage\":\"en-GB\",\"potentialAction\":[{\"@type\":\"ReadAction\",\"target\":[\"https:\/\/nataliamoreno.es\/producto\/lampara-de-suspension-papel-mache-enid\/\"]}]},{\"@type\":\"ImageObject\",\"inLanguage\":\"en-GB\",\"@id\":\"https:\/\/nataliamoreno.es\/producto\/lampara-de-suspension-papel-mache-enid\/#primaryimage\",\"url\":\"https:\/\/nataliamoreno.es\\n\/wp-content\/uploads\/2024\/03\/1-ref.-Enid.jpg\",\"contentUrl\":\"https:\/\/nataliamoreno.es\\n\/wp-content\/uploads\/2024\/03\/1-ref.-Enid.jpg\",\"width\":1920,\"height\":2507},{\"@type\":\"BreadcrumbList\",\"@id\":\"https:\/\/nataliamoreno.es\/producto\/lampara-de-suspension-papel-mache-enid\/#breadcrumb\",\"itemListElement\":[{\"@type\":\"ListItem\",\"position\":1,\"name\":\"Portada\",\"item\":\"https:\/\/nataliamoreno.es\/\"},{\"@type\":\"ListItem\",\"position\":2,\"name\":\"Tienda\",\"item\":\"https:\/\/nataliamoreno.es\/shop\/\"},{\"@type\":\"ListItem\",\"position\":3,\"name\":\"L\u00e1mpara papel mach\u00e9 Enid\"}]},{\"@type\":\"WebSite\",\"@id\":\"https:\/\/nataliamoreno.es\/#website\",\"url\":\"https:\/\/nataliamoreno.es\/\",\"name\":\"Natalia Moreno\",\"description\":\"Artesan\u00eda &amp; Dise\u00f1o\",\"publisher\":{\"@id\":\"https:\/\/nataliamoreno.es\/#organization\"},\"potentialAction\":[{\"@type\":\"SearchAction\",\"target\":{\"@type\":\"EntryPoint\",\"urlTemplate\":\"https:\/\/nataliamoreno.es\/?s={search_term_string}\"},\"query-input\":{\"@type\":\"PropertyValueSpecification\",\"valueRequired\":true,\"valueName\":\"search_term_string\"}}],\"inLanguage\":\"en-GB\"},{\"@type\":\"Organization\",\"@id\":\"https:\/\/nataliamoreno.es\/#organization\",\"name\":\"Natalia Moreno\",\"url\":\"https:\/\/nataliamoreno.es\/\",\"logo\":{\"@type\":\"ImageObject\",\"inLanguage\":\"en-GB\",\"@id\":\"https:\/\/nataliamoreno.es\/#\/schema\/logo\/image\/\",\"url\":\"https:\/\/nataliamoreno.es\\n\/wp-content\/uploads\/2024\/04\/logo_Natalia_sin_leyenda.png\",\"contentUrl\":\"https:\/\/nataliamoreno.es\\n\/wp-content\/uploads\/2024\/04\/logo_Natalia_sin_leyenda.png\",\"width\":1599,\"height\":462,\"caption\":\"Natalia Moreno\"},\"image\":{\"@id\":\"https:\/\/nataliamoreno.es\/#\/schema\/logo\/image\/\"},\"sameAs\":[\"https:\/\/www.facebook.com\/people\/Natalia-Moreno-Studio\/100064974072258\/\",\"https:\/\/www.instagram.com\/nataliamorenostudio\/\"]}]}<\/script>\n<!-- \/ Yoast SEO plugin. -->","yoast_head_json":{"title":"L\u00e1mpara papel mach\u00e9 Enid - Natalia Moreno","robots":{"index":"index","follow":"follow","max-snippet":"max-snippet:-1","max-image-preview":"max-image-preview:large","max-video-preview":"max-video-preview:-1"},"canonical":"https:\/\/nataliamoreno.es\/producto\/lampara-de-suspension-papel-mache-enid\/","og_locale":"en_GB","og_type":"article","og_title":"L\u00e1mpara papel mach\u00e9 Enid - Natalia Moreno","og_description":"L\u00e1mpara de suspensi\u00f3n realizada en papel reciclado estampada a mano. Dise\u00f1o con motivos florales inspirados en los tejidos del s. XVIII.  Cada pieza es \u00fanica, por lo que la ubicaci\u00f3n de la impresi\u00f3n puede diferir ligeramente de la imagen mostrada ya que es producto hecho a mano. El proceso y los materiales de la l\u00e1mpara son ecol\u00f3gicos respetuosos con el medio ambiente.","og_url":"https:\/\/nataliamoreno.es\/producto\/lampara-de-suspension-papel-mache-enid\/","og_site_name":"Natalia Moreno","article_publisher":"https:\/\/www.facebook.com\/people\/Natalia-Moreno-Studio\/100064974072258\/","article_modified_time":"2025-01-23T12:38:43+00:00","og_image":[{"width":1920,"height":2507,"url":"https:\/\/nataliamoreno.es\n\/wp-content\/uploads\/2024\/03\/1-ref.-Enid.jpg","type":"image\/jpeg"}],"twitter_card":"summary_large_image","twitter_misc":{"Estimated reading time":"1 minute"},"schema":{"@context":"https:\/\/schema.org","@graph":[{"@type":"WebPage","@id":"https:\/\/nataliamoreno.es\/producto\/lampara-de-suspension-papel-mache-enid\/","url":"https:\/\/nataliamoreno.es\/producto\/lampara-de-suspension-papel-mache-enid\/","name":"L\u00e1mpara papel mach\u00e9 Enid - Natalia Moreno","isPartOf":{"@id":"https:\/\/nataliamoreno.es\/#website"},"primaryImageOfPage":{"@id":"https:\/\/nataliamoreno.es\/producto\/lampara-de-suspension-papel-mache-enid\/#primaryimage"},"image":{"@id":"https:\/\/nataliamoreno.es\/producto\/lampara-de-suspension-papel-mache-enid\/#primaryimage"},"thumbnailUrl":"https:\/\/nataliamoreno.es\n\/wp-content\/uploads\/2024\/03\/1-ref.-Enid.jpg","datePublished":"2024-05-12T16:09:56+00:00","dateModified":"2025-01-23T12:38:43+00:00","breadcrumb":{"@id":"https:\/\/nataliamoreno.es\/producto\/lampara-de-suspension-papel-mache-enid\/#breadcrumb"},"inLanguage":"en-GB","potentialAction":[{"@type":"ReadAction","target":["https:\/\/nataliamoreno.es\/producto\/lampara-de-suspension-papel-mache-enid\/"]}]},{"@type":"ImageObject","inLanguage":"en-GB","@id":"https:\/\/nataliamoreno.es\/producto\/lampara-de-suspension-papel-mache-enid\/#primaryimage","url":"https:\/\/nataliamoreno.es\n\/wp-content\/uploads\/2024\/03\/1-ref.-Enid.jpg","contentUrl":"https:\/\/nataliamoreno.es\n\/wp-content\/uploads\/2024\/03\/1-ref.-Enid.jpg","width":1920,"height":2507},{"@type":"BreadcrumbList","@id":"https:\/\/nataliamoreno.es\/producto\/lampara-de-suspension-papel-mache-enid\/#breadcrumb","itemListElement":[{"@type":"ListItem","position":1,"name":"Portada","item":"https:\/\/nataliamoreno.es\/"},{"@type":"ListItem","position":2,"name":"Tienda","item":"https:\/\/nataliamoreno.es\/shop\/"},{"@type":"ListItem","position":3,"name":"L\u00e1mpara papel mach\u00e9 Enid"}]},{"@type":"WebSite","@id":"https:\/\/nataliamoreno.es\/#website","url":"https:\/\/nataliamoreno.es\/","name":"Natalia Moreno","description":"Artesan\u00eda &amp; Dise\u00f1o","publisher":{"@id":"https:\/\/nataliamoreno.es\/#organization"},"potentialAction":[{"@type":"SearchAction","target":{"@type":"EntryPoint","urlTemplate":"https:\/\/nataliamoreno.es\/?s={search_term_string}"},"query-input":{"@type":"PropertyValueSpecification","valueRequired":true,"valueName":"search_term_string"}}],"inLanguage":"en-GB"},{"@type":"Organization","@id":"https:\/\/nataliamoreno.es\/#organization","name":"Natalia Moreno","url":"https:\/\/nataliamoreno.es\/","logo":{"@type":"ImageObject","inLanguage":"en-GB","@id":"https:\/\/nataliamoreno.es\/#\/schema\/logo\/image\/","url":"https:\/\/nataliamoreno.es\n\/wp-content\/uploads\/2024\/04\/logo_Natalia_sin_leyenda.png","contentUrl":"https:\/\/nataliamoreno.es\n\/wp-content\/uploads\/2024\/04\/logo_Natalia_sin_leyenda.png","width":1599,"height":462,"caption":"Natalia Moreno"},"image":{"@id":"https:\/\/nataliamoreno.es\/#\/schema\/logo\/image\/"},"sameAs":["https:\/\/www.facebook.com\/people\/Natalia-Moreno-Studio\/100064974072258\/","https:\/\/www.instagram.com\/nataliamorenostudio\/"]}]}},"_links":{"self":[{"href":"https:\/\/nataliamoreno.es\n\/en\/wp-json\/wp\/v2\/product\/559","targetHints":{"allow":["GET"]}}],"collection":[{"href":"https:\/\/nataliamoreno.es\n\/en\/wp-json\/wp\/v2\/product"}],"about":[{"href":"https:\/\/nataliamoreno.es\n\/en\/wp-json\/wp\/v2\/types\/product"}],"version-history":[{"count":8,"href":"https:\/\/nataliamoreno.es\n\/en\/wp-json\/wp\/v2\/product\/559\/revisions"}],"predecessor-version":[{"id":3143,"href":"https:\/\/nataliamoreno.es\n\/en\/wp-json\/wp\/v2\/product\/559\/revisions\/3143"}],"wp:featuredmedia":[{"embeddable":true,"href":"https:\/\/nataliamoreno.es\n\/en\/wp-json\/wp\/v2\/media\/2638"}],"wp:attachment":[{"href":"https:\/\/nataliamoreno.es\n\/en\/wp-json\/wp\/v2\/media?parent=559"}],"wp:term":[{"taxonomy":"product_brand","embeddable":true,"href":"https:\/\/nataliamoreno.es\n\/en\/wp-json\/wp\/v2\/product_brand?post=559"},{"taxonomy":"product_cat","embeddable":true,"href":"https:\/\/nataliamoreno.es\n\/en\/wp-json\/wp\/v2\/product_cat?post=559"},{"taxonomy":"product_tag","embeddable":true,"href":"https:\/\/nataliamoreno.es\n\/en\/wp-json\/wp\/v2\/product_tag?post=559"}],"curies":[{"name":"wp","href":"https:\/\/api.w.org\/{rel}","templated":true}]}}