{"id":555,"date":"2024-05-12T18:09:55","date_gmt":"2024-05-12T16:09:55","guid":{"rendered":"http:\/\/nataliamoreno.es\/?post_type=product&#038;p=555"},"modified":"2025-02-05T18:56:02","modified_gmt":"2025-02-05T17:56:02","slug":"lampara-suspension-frida-15l","status":"publish","type":"product","link":"https:\/\/nataliamoreno.es\n\/en\/product\/lampara-suspension-frida-15l\/","title":{"rendered":"Small Frida lamp"},"content":{"rendered":"<p>Hand printed pendant lamp on a linen-cotton fabric sourced from a Spanish factory working with European suppliers, from French flax farmers' cooperatives to the finest Italian spinning mills. This provides a guarantee of sustainability based on knowledge of traditions.<\/p>\n<p>Printed with floral motifs with colors inspired by nature. It should be noted that each piece is unique, so the location of the print may differ slightly from the image shown.<\/p>","protected":false},"excerpt":{"rendered":"<p>Hand printed pendant lamp on a linen-cotton fabric sourced from a Spanish factory working with European suppliers, from French flax farmers' cooperatives to the finest Italian spinning mills. This provides a guarantee of sustainability based on knowledge of traditions.<\/p>\n<p>Printed with floral motifs with colors inspired by nature. It should be noted that each piece is unique, so the location of the print may differ slightly from the image shown.<\/p>\n<p>Available in different prints.<\/p>","protected":false},"featured_media":2010,"template":"","meta":[],"product_brand":[],"product_cat":[15],"product_tag":[],"class_list":{"0":"post-555","1":"product","2":"type-product","3":"status-publish","4":"has-post-thumbnail","6":"product_cat-lamparas","7":"product_shipping_class-1-3kg","9":"first","10":"instock","11":"taxable","12":"shipping-taxable","13":"purchasable","14":"product-type-variable","15":"has-default-attributes"},"yoast_head":"<!-- This site is optimized with the Yoast SEO plugin v24.4 - https:\/\/yoast.com\/wordpress\/plugins\/seo\/ -->\n<title>L\u00e1mpara Frida peque\u00f1a - Natalia Moreno<\/title>\n<meta name=\"robots\" content=\"index, follow, max-snippet:-1, max-image-preview:large, max-video-preview:-1\" \/>\n<link rel=\"canonical\" href=\"https:\/\/nataliamoreno.es\/producto\/lampara-suspension-frida-15l\/\" \/>\n<meta property=\"og:locale\" content=\"en_GB\" \/>\n<meta property=\"og:type\" content=\"article\" \/>\n<meta property=\"og:title\" content=\"L\u00e1mpara Frida peque\u00f1a - Natalia Moreno\" \/>\n<meta property=\"og:description\" content=\"L\u00e1mpara de suspensi\u00f3n estampada a mano sobre un tejido de lino-algod\u00f3n que procede de una f\u00e1brica nacional que trabaja con proveedores europeos, desde las cooperativas de agricultores de lino francesas a las mejores hilaturas italianas. Esto proporciona una garant\u00eda de sostenibilidad amparada por el conocimiento de las tradiciones.  Estampado con motivos florales con colores inspirados en la naturaleza. Cada pieza es \u00fanica, por lo que la ubicaci\u00f3n de la impresi\u00f3n puede diferir ligeramente de la imagen mostrada.  Disponible en diferentes estampados.\" \/>\n<meta property=\"og:url\" content=\"https:\/\/nataliamoreno.es\/producto\/lampara-suspension-frida-15l\/\" \/>\n<meta property=\"og:site_name\" content=\"Natalia Moreno\" \/>\n<meta property=\"article:publisher\" content=\"https:\/\/www.facebook.com\/people\/Natalia-Moreno-Studio\/100064974072258\/\" \/>\n<meta property=\"article:modified_time\" content=\"2025-02-05T17:56:02+00:00\" \/>\n<meta property=\"og:image\" content=\"https:\/\/nataliamoreno.es\/wp-content\/uploads\/2024\/05\/1-frida-pequena_resultado.webp\" \/>\n\t<meta property=\"og:image:width\" content=\"1470\" \/>\n\t<meta property=\"og:image:height\" content=\"1920\" \/>\n\t<meta property=\"og:image:type\" content=\"image\/webp\" \/>\n<meta name=\"twitter:card\" content=\"summary_large_image\" \/>\n<meta name=\"twitter:label1\" content=\"Estimated reading time\" \/>\n\t<meta name=\"twitter:data1\" content=\"1 minute\" \/>\n<script type=\"application\/ld+json\" class=\"yoast-schema-graph\">{\"@context\":\"https:\/\/schema.org\",\"@graph\":[{\"@type\":\"WebPage\",\"@id\":\"https:\/\/nataliamoreno.es\/producto\/lampara-suspension-frida-15l\/\",\"url\":\"https:\/\/nataliamoreno.es\/producto\/lampara-suspension-frida-15l\/\",\"name\":\"L\u00e1mpara Frida peque\u00f1a - Natalia Moreno\",\"isPartOf\":{\"@id\":\"https:\/\/nataliamoreno.es\/#website\"},\"primaryImageOfPage\":{\"@id\":\"https:\/\/nataliamoreno.es\/producto\/lampara-suspension-frida-15l\/#primaryimage\"},\"image\":{\"@id\":\"https:\/\/nataliamoreno.es\/producto\/lampara-suspension-frida-15l\/#primaryimage\"},\"thumbnailUrl\":\"https:\/\/nataliamoreno.es\\n\/wp-content\/uploads\/2024\/05\/1-frida-pequena_resultado.webp\",\"datePublished\":\"2024-05-12T16:09:55+00:00\",\"dateModified\":\"2025-02-05T17:56:02+00:00\",\"breadcrumb\":{\"@id\":\"https:\/\/nataliamoreno.es\/producto\/lampara-suspension-frida-15l\/#breadcrumb\"},\"inLanguage\":\"en-GB\",\"potentialAction\":[{\"@type\":\"ReadAction\",\"target\":[\"https:\/\/nataliamoreno.es\/producto\/lampara-suspension-frida-15l\/\"]}]},{\"@type\":\"ImageObject\",\"inLanguage\":\"en-GB\",\"@id\":\"https:\/\/nataliamoreno.es\/producto\/lampara-suspension-frida-15l\/#primaryimage\",\"url\":\"https:\/\/nataliamoreno.es\\n\/wp-content\/uploads\/2024\/05\/1-frida-pequena_resultado.webp\",\"contentUrl\":\"https:\/\/nataliamoreno.es\\n\/wp-content\/uploads\/2024\/05\/1-frida-pequena_resultado.webp\",\"width\":1470,\"height\":1920},{\"@type\":\"BreadcrumbList\",\"@id\":\"https:\/\/nataliamoreno.es\/producto\/lampara-suspension-frida-15l\/#breadcrumb\",\"itemListElement\":[{\"@type\":\"ListItem\",\"position\":1,\"name\":\"Portada\",\"item\":\"https:\/\/nataliamoreno.es\/\"},{\"@type\":\"ListItem\",\"position\":2,\"name\":\"Tienda\",\"item\":\"https:\/\/nataliamoreno.es\/shop\/\"},{\"@type\":\"ListItem\",\"position\":3,\"name\":\"L\u00e1mpara Frida peque\u00f1a\"}]},{\"@type\":\"WebSite\",\"@id\":\"https:\/\/nataliamoreno.es\/#website\",\"url\":\"https:\/\/nataliamoreno.es\/\",\"name\":\"Natalia Moreno\",\"description\":\"Artesan\u00eda &amp; Dise\u00f1o\",\"publisher\":{\"@id\":\"https:\/\/nataliamoreno.es\/#organization\"},\"potentialAction\":[{\"@type\":\"SearchAction\",\"target\":{\"@type\":\"EntryPoint\",\"urlTemplate\":\"https:\/\/nataliamoreno.es\/?s={search_term_string}\"},\"query-input\":{\"@type\":\"PropertyValueSpecification\",\"valueRequired\":true,\"valueName\":\"search_term_string\"}}],\"inLanguage\":\"en-GB\"},{\"@type\":\"Organization\",\"@id\":\"https:\/\/nataliamoreno.es\/#organization\",\"name\":\"Natalia Moreno\",\"url\":\"https:\/\/nataliamoreno.es\/\",\"logo\":{\"@type\":\"ImageObject\",\"inLanguage\":\"en-GB\",\"@id\":\"https:\/\/nataliamoreno.es\/#\/schema\/logo\/image\/\",\"url\":\"https:\/\/nataliamoreno.es\\n\/wp-content\/uploads\/2024\/04\/logo_Natalia_sin_leyenda.png\",\"contentUrl\":\"https:\/\/nataliamoreno.es\\n\/wp-content\/uploads\/2024\/04\/logo_Natalia_sin_leyenda.png\",\"width\":1599,\"height\":462,\"caption\":\"Natalia Moreno\"},\"image\":{\"@id\":\"https:\/\/nataliamoreno.es\/#\/schema\/logo\/image\/\"},\"sameAs\":[\"https:\/\/www.facebook.com\/people\/Natalia-Moreno-Studio\/100064974072258\/\",\"https:\/\/www.instagram.com\/nataliamorenostudio\/\"]}]}<\/script>\n<!-- \/ Yoast SEO plugin. -->","yoast_head_json":{"title":"L\u00e1mpara Frida peque\u00f1a - Natalia Moreno","robots":{"index":"index","follow":"follow","max-snippet":"max-snippet:-1","max-image-preview":"max-image-preview:large","max-video-preview":"max-video-preview:-1"},"canonical":"https:\/\/nataliamoreno.es\/producto\/lampara-suspension-frida-15l\/","og_locale":"en_GB","og_type":"article","og_title":"L\u00e1mpara Frida peque\u00f1a - Natalia Moreno","og_description":"L\u00e1mpara de suspensi\u00f3n estampada a mano sobre un tejido de lino-algod\u00f3n que procede de una f\u00e1brica nacional que trabaja con proveedores europeos, desde las cooperativas de agricultores de lino francesas a las mejores hilaturas italianas. Esto proporciona una garant\u00eda de sostenibilidad amparada por el conocimiento de las tradiciones.  Estampado con motivos florales con colores inspirados en la naturaleza. Cada pieza es \u00fanica, por lo que la ubicaci\u00f3n de la impresi\u00f3n puede diferir ligeramente de la imagen mostrada.  Disponible en diferentes estampados.","og_url":"https:\/\/nataliamoreno.es\/producto\/lampara-suspension-frida-15l\/","og_site_name":"Natalia Moreno","article_publisher":"https:\/\/www.facebook.com\/people\/Natalia-Moreno-Studio\/100064974072258\/","article_modified_time":"2025-02-05T17:56:02+00:00","og_image":[{"width":1470,"height":1920,"url":"https:\/\/nataliamoreno.es\n\/wp-content\/uploads\/2024\/05\/1-frida-pequena_resultado.webp","type":"image\/webp"}],"twitter_card":"summary_large_image","twitter_misc":{"Estimated reading time":"1 minute"},"schema":{"@context":"https:\/\/schema.org","@graph":[{"@type":"WebPage","@id":"https:\/\/nataliamoreno.es\/producto\/lampara-suspension-frida-15l\/","url":"https:\/\/nataliamoreno.es\/producto\/lampara-suspension-frida-15l\/","name":"L\u00e1mpara Frida peque\u00f1a - Natalia Moreno","isPartOf":{"@id":"https:\/\/nataliamoreno.es\/#website"},"primaryImageOfPage":{"@id":"https:\/\/nataliamoreno.es\/producto\/lampara-suspension-frida-15l\/#primaryimage"},"image":{"@id":"https:\/\/nataliamoreno.es\/producto\/lampara-suspension-frida-15l\/#primaryimage"},"thumbnailUrl":"https:\/\/nataliamoreno.es\n\/wp-content\/uploads\/2024\/05\/1-frida-pequena_resultado.webp","datePublished":"2024-05-12T16:09:55+00:00","dateModified":"2025-02-05T17:56:02+00:00","breadcrumb":{"@id":"https:\/\/nataliamoreno.es\/producto\/lampara-suspension-frida-15l\/#breadcrumb"},"inLanguage":"en-GB","potentialAction":[{"@type":"ReadAction","target":["https:\/\/nataliamoreno.es\/producto\/lampara-suspension-frida-15l\/"]}]},{"@type":"ImageObject","inLanguage":"en-GB","@id":"https:\/\/nataliamoreno.es\/producto\/lampara-suspension-frida-15l\/#primaryimage","url":"https:\/\/nataliamoreno.es\n\/wp-content\/uploads\/2024\/05\/1-frida-pequena_resultado.webp","contentUrl":"https:\/\/nataliamoreno.es\n\/wp-content\/uploads\/2024\/05\/1-frida-pequena_resultado.webp","width":1470,"height":1920},{"@type":"BreadcrumbList","@id":"https:\/\/nataliamoreno.es\/producto\/lampara-suspension-frida-15l\/#breadcrumb","itemListElement":[{"@type":"ListItem","position":1,"name":"Portada","item":"https:\/\/nataliamoreno.es\/"},{"@type":"ListItem","position":2,"name":"Tienda","item":"https:\/\/nataliamoreno.es\/shop\/"},{"@type":"ListItem","position":3,"name":"L\u00e1mpara Frida peque\u00f1a"}]},{"@type":"WebSite","@id":"https:\/\/nataliamoreno.es\/#website","url":"https:\/\/nataliamoreno.es\/","name":"Natalia Moreno","description":"Artesan\u00eda &amp; Dise\u00f1o","publisher":{"@id":"https:\/\/nataliamoreno.es\/#organization"},"potentialAction":[{"@type":"SearchAction","target":{"@type":"EntryPoint","urlTemplate":"https:\/\/nataliamoreno.es\/?s={search_term_string}"},"query-input":{"@type":"PropertyValueSpecification","valueRequired":true,"valueName":"search_term_string"}}],"inLanguage":"en-GB"},{"@type":"Organization","@id":"https:\/\/nataliamoreno.es\/#organization","name":"Natalia Moreno","url":"https:\/\/nataliamoreno.es\/","logo":{"@type":"ImageObject","inLanguage":"en-GB","@id":"https:\/\/nataliamoreno.es\/#\/schema\/logo\/image\/","url":"https:\/\/nataliamoreno.es\n\/wp-content\/uploads\/2024\/04\/logo_Natalia_sin_leyenda.png","contentUrl":"https:\/\/nataliamoreno.es\n\/wp-content\/uploads\/2024\/04\/logo_Natalia_sin_leyenda.png","width":1599,"height":462,"caption":"Natalia Moreno"},"image":{"@id":"https:\/\/nataliamoreno.es\/#\/schema\/logo\/image\/"},"sameAs":["https:\/\/www.facebook.com\/people\/Natalia-Moreno-Studio\/100064974072258\/","https:\/\/www.instagram.com\/nataliamorenostudio\/"]}]}},"_links":{"self":[{"href":"https:\/\/nataliamoreno.es\n\/en\/wp-json\/wp\/v2\/product\/555","targetHints":{"allow":["GET"]}}],"collection":[{"href":"https:\/\/nataliamoreno.es\n\/en\/wp-json\/wp\/v2\/product"}],"about":[{"href":"https:\/\/nataliamoreno.es\n\/en\/wp-json\/wp\/v2\/types\/product"}],"version-history":[{"count":13,"href":"https:\/\/nataliamoreno.es\n\/en\/wp-json\/wp\/v2\/product\/555\/revisions"}],"predecessor-version":[{"id":3246,"href":"https:\/\/nataliamoreno.es\n\/en\/wp-json\/wp\/v2\/product\/555\/revisions\/3246"}],"wp:featuredmedia":[{"embeddable":true,"href":"https:\/\/nataliamoreno.es\n\/en\/wp-json\/wp\/v2\/media\/2010"}],"wp:attachment":[{"href":"https:\/\/nataliamoreno.es\n\/en\/wp-json\/wp\/v2\/media?parent=555"}],"wp:term":[{"taxonomy":"product_brand","embeddable":true,"href":"https:\/\/nataliamoreno.es\n\/en\/wp-json\/wp\/v2\/product_brand?post=555"},{"taxonomy":"product_cat","embeddable":true,"href":"https:\/\/nataliamoreno.es\n\/en\/wp-json\/wp\/v2\/product_cat?post=555"},{"taxonomy":"product_tag","embeddable":true,"href":"https:\/\/nataliamoreno.es\n\/en\/wp-json\/wp\/v2\/product_tag?post=555"}],"curies":[{"name":"wp","href":"https:\/\/api.w.org\/{rel}","templated":true}]}}