{"id":1762,"date":"2024-09-14T20:34:07","date_gmt":"2024-09-14T18:34:07","guid":{"rendered":"https:\/\/nataliamoreno.es\/?post_type=product&#038;p=1762"},"modified":"2025-02-23T17:12:33","modified_gmt":"2025-02-23T16:12:33","slug":"tela-estampada-no7-verbena","status":"publish","type":"product","link":"https:\/\/nataliamoreno.es\n\/en\/product\/tela-estampada-no7-verbena\/","title":{"rendered":"Verbena printed fabric"},"content":{"rendered":"<p>Hand printed linen-cotton fabric with an exclusive design with floral motifs. The fabric is made of linen-cotton from a spanish factory that works with European suppliers, from French flax farmers cooperatives to the best Italian spinners. This provides a guarantee of sustainability based on knowledge of traditions.<\/p>\n<p>Width 1.50 m. Length to choose from 1 m. up to 10m. For longer lengths ask us.<\/p>","protected":false},"excerpt":{"rendered":"<p>Hand printed linen-cotton fabric with an exclusive design with floral motifs. The fabric is made of linen-cotton from a spanish factory that works with European suppliers, from French flax farmers cooperatives to the best Italian spinners. This provides a guarantee of sustainability based on knowledge of traditions.<\/p>\n<p>Width 1.50 m. Length to choose from 1 m. up to 10m. For longer lengths ask us.<\/p>","protected":false},"featured_media":2668,"template":"","meta":[],"product_brand":[],"product_cat":[51,57],"product_tag":[73],"class_list":{"0":"post-1762","1":"product","2":"type-product","3":"status-publish","4":"has-post-thumbnail","6":"product_cat-tejidos_metro","7":"product_cat-tejidos-por-metro","8":"product_tag-tejidos-por-metro","9":"product_shipping_class-1-3kg","11":"first","12":"instock","13":"taxable","14":"shipping-taxable","15":"purchasable","16":"product-type-variable","17":"has-default-attributes"},"yoast_head":"<!-- This site is optimized with the Yoast SEO plugin v24.4 - https:\/\/yoast.com\/wordpress\/plugins\/seo\/ -->\n<title>Tejido estampado Verbena - Natalia Moreno<\/title>\n<meta name=\"robots\" content=\"index, follow, max-snippet:-1, max-image-preview:large, max-video-preview:-1\" \/>\n<link rel=\"canonical\" href=\"https:\/\/nataliamoreno.es_\/en\/product\/tela-estampada-no7-verbena\/\" \/>\n<meta property=\"og:locale\" content=\"en_GB\" \/>\n<meta property=\"og:type\" content=\"article\" \/>\n<meta property=\"og:title\" content=\"Tejido estampado Verbena - Natalia Moreno\" \/>\n<meta property=\"og:description\" content=\"Tejido de lino-algod\u00f3n estampado a mano con un dise\u00f1o exclusivo con motivos florales. El tejido es de lino-algod\u00f3n procedente de una f\u00e1brica nacional que trabaja con proveedores europeos, desde las cooperativas de agricultores de lino francesas a las mejores hilaturas italianas. Esto proporciona una garant\u00eda de sostenibilidad amparada por el conocimiento de las tradiciones.  Ancho 1,50 m. Largo a escoger desde 1 m. hasta 10 m. Para longitudes mayores consultar.\" \/>\n<meta property=\"og:url\" content=\"https:\/\/nataliamoreno.es_\/en\/product\/tela-estampada-no7-verbena\/\" \/>\n<meta property=\"og:site_name\" content=\"Natalia Moreno\" \/>\n<meta property=\"article:publisher\" content=\"https:\/\/www.facebook.com\/people\/Natalia-Moreno-Studio\/100064974072258\/\" \/>\n<meta property=\"article:modified_time\" content=\"2025-02-23T16:12:33+00:00\" \/>\n<meta property=\"og:image\" content=\"https:\/\/nataliamoreno.es\/wp-content\/uploads\/2024\/09\/VERBENA_resultado.webp\" \/>\n\t<meta property=\"og:image:width\" content=\"1470\" \/>\n\t<meta property=\"og:image:height\" content=\"1920\" \/>\n\t<meta property=\"og:image:type\" content=\"image\/webp\" \/>\n<meta name=\"twitter:card\" content=\"summary_large_image\" \/>\n<meta name=\"twitter:label1\" content=\"Estimated reading time\" \/>\n\t<meta name=\"twitter:data1\" content=\"1 minute\" \/>\n<script type=\"application\/ld+json\" class=\"yoast-schema-graph\">{\"@context\":\"https:\/\/schema.org\",\"@graph\":[{\"@type\":\"WebPage\",\"@id\":\"https:\/\/nataliamoreno.es_\/en\/product\/tela-estampada-no7-verbena\/\",\"url\":\"https:\/\/nataliamoreno.es_\/en\/product\/tela-estampada-no7-verbena\/\",\"name\":\"Tejido estampado Verbena - Natalia Moreno\",\"isPartOf\":{\"@id\":\"https:\/\/nataliamoreno.es\/#website\"},\"primaryImageOfPage\":{\"@id\":\"https:\/\/nataliamoreno.es_\/en\/product\/tela-estampada-no7-verbena\/#primaryimage\"},\"image\":{\"@id\":\"https:\/\/nataliamoreno.es_\/en\/product\/tela-estampada-no7-verbena\/#primaryimage\"},\"thumbnailUrl\":\"https:\/\/nataliamoreno.es\\n\/wp-content\/uploads\/2024\/09\/VERBENA_resultado.webp\",\"datePublished\":\"2024-09-14T18:34:07+00:00\",\"dateModified\":\"2025-02-23T16:12:33+00:00\",\"breadcrumb\":{\"@id\":\"https:\/\/nataliamoreno.es_\/en\/product\/tela-estampada-no7-verbena\/#breadcrumb\"},\"inLanguage\":\"en-GB\",\"potentialAction\":[{\"@type\":\"ReadAction\",\"target\":[\"https:\/\/nataliamoreno.es_\/en\/product\/tela-estampada-no7-verbena\/\"]}]},{\"@type\":\"ImageObject\",\"inLanguage\":\"en-GB\",\"@id\":\"https:\/\/nataliamoreno.es_\/en\/product\/tela-estampada-no7-verbena\/#primaryimage\",\"url\":\"https:\/\/nataliamoreno.es\\n\/wp-content\/uploads\/2024\/09\/VERBENA_resultado.webp\",\"contentUrl\":\"https:\/\/nataliamoreno.es\\n\/wp-content\/uploads\/2024\/09\/VERBENA_resultado.webp\",\"width\":1470,\"height\":1920},{\"@type\":\"BreadcrumbList\",\"@id\":\"https:\/\/nataliamoreno.es_\/en\/product\/tela-estampada-no7-verbena\/#breadcrumb\",\"itemListElement\":[{\"@type\":\"ListItem\",\"position\":1,\"name\":\"Portada\",\"item\":\"https:\/\/nataliamoreno.es\/\"},{\"@type\":\"ListItem\",\"position\":2,\"name\":\"Tienda\",\"item\":\"https:\/\/nataliamoreno.es\/shop\/\"},{\"@type\":\"ListItem\",\"position\":3,\"name\":\"Tejido estampado Verbena\"}]},{\"@type\":\"WebSite\",\"@id\":\"https:\/\/nataliamoreno.es\/#website\",\"url\":\"https:\/\/nataliamoreno.es\/\",\"name\":\"Natalia Moreno\",\"description\":\"Artesan\u00eda &amp; Dise\u00f1o\",\"publisher\":{\"@id\":\"https:\/\/nataliamoreno.es\/#organization\"},\"potentialAction\":[{\"@type\":\"SearchAction\",\"target\":{\"@type\":\"EntryPoint\",\"urlTemplate\":\"https:\/\/nataliamoreno.es\/?s={search_term_string}\"},\"query-input\":{\"@type\":\"PropertyValueSpecification\",\"valueRequired\":true,\"valueName\":\"search_term_string\"}}],\"inLanguage\":\"en-GB\"},{\"@type\":\"Organization\",\"@id\":\"https:\/\/nataliamoreno.es\/#organization\",\"name\":\"Natalia Moreno\",\"url\":\"https:\/\/nataliamoreno.es\/\",\"logo\":{\"@type\":\"ImageObject\",\"inLanguage\":\"en-GB\",\"@id\":\"https:\/\/nataliamoreno.es\/#\/schema\/logo\/image\/\",\"url\":\"https:\/\/nataliamoreno.es\\n\/wp-content\/uploads\/2024\/04\/logo_Natalia_sin_leyenda.png\",\"contentUrl\":\"https:\/\/nataliamoreno.es\\n\/wp-content\/uploads\/2024\/04\/logo_Natalia_sin_leyenda.png\",\"width\":1599,\"height\":462,\"caption\":\"Natalia Moreno\"},\"image\":{\"@id\":\"https:\/\/nataliamoreno.es\/#\/schema\/logo\/image\/\"},\"sameAs\":[\"https:\/\/www.facebook.com\/people\/Natalia-Moreno-Studio\/100064974072258\/\",\"https:\/\/www.instagram.com\/nataliamorenostudio\/\"]}]}<\/script>\n<!-- \/ Yoast SEO plugin. -->","yoast_head_json":{"title":"Tejido estampado Verbena - Natalia Moreno","robots":{"index":"index","follow":"follow","max-snippet":"max-snippet:-1","max-image-preview":"max-image-preview:large","max-video-preview":"max-video-preview:-1"},"canonical":"https:\/\/nataliamoreno.es_\/en\/product\/tela-estampada-no7-verbena\/","og_locale":"en_GB","og_type":"article","og_title":"Tejido estampado Verbena - Natalia Moreno","og_description":"Tejido de lino-algod\u00f3n estampado a mano con un dise\u00f1o exclusivo con motivos florales. El tejido es de lino-algod\u00f3n procedente de una f\u00e1brica nacional que trabaja con proveedores europeos, desde las cooperativas de agricultores de lino francesas a las mejores hilaturas italianas. Esto proporciona una garant\u00eda de sostenibilidad amparada por el conocimiento de las tradiciones.  Ancho 1,50 m. Largo a escoger desde 1 m. hasta 10 m. Para longitudes mayores consultar.","og_url":"https:\/\/nataliamoreno.es_\/en\/product\/tela-estampada-no7-verbena\/","og_site_name":"Natalia Moreno","article_publisher":"https:\/\/www.facebook.com\/people\/Natalia-Moreno-Studio\/100064974072258\/","article_modified_time":"2025-02-23T16:12:33+00:00","og_image":[{"width":1470,"height":1920,"url":"https:\/\/nataliamoreno.es\n\/wp-content\/uploads\/2024\/09\/VERBENA_resultado.webp","type":"image\/webp"}],"twitter_card":"summary_large_image","twitter_misc":{"Estimated reading time":"1 minute"},"schema":{"@context":"https:\/\/schema.org","@graph":[{"@type":"WebPage","@id":"https:\/\/nataliamoreno.es_\/en\/product\/tela-estampada-no7-verbena\/","url":"https:\/\/nataliamoreno.es_\/en\/product\/tela-estampada-no7-verbena\/","name":"Tejido estampado Verbena - Natalia Moreno","isPartOf":{"@id":"https:\/\/nataliamoreno.es\/#website"},"primaryImageOfPage":{"@id":"https:\/\/nataliamoreno.es_\/en\/product\/tela-estampada-no7-verbena\/#primaryimage"},"image":{"@id":"https:\/\/nataliamoreno.es_\/en\/product\/tela-estampada-no7-verbena\/#primaryimage"},"thumbnailUrl":"https:\/\/nataliamoreno.es\n\/wp-content\/uploads\/2024\/09\/VERBENA_resultado.webp","datePublished":"2024-09-14T18:34:07+00:00","dateModified":"2025-02-23T16:12:33+00:00","breadcrumb":{"@id":"https:\/\/nataliamoreno.es_\/en\/product\/tela-estampada-no7-verbena\/#breadcrumb"},"inLanguage":"en-GB","potentialAction":[{"@type":"ReadAction","target":["https:\/\/nataliamoreno.es_\/en\/product\/tela-estampada-no7-verbena\/"]}]},{"@type":"ImageObject","inLanguage":"en-GB","@id":"https:\/\/nataliamoreno.es_\/en\/product\/tela-estampada-no7-verbena\/#primaryimage","url":"https:\/\/nataliamoreno.es\n\/wp-content\/uploads\/2024\/09\/VERBENA_resultado.webp","contentUrl":"https:\/\/nataliamoreno.es\n\/wp-content\/uploads\/2024\/09\/VERBENA_resultado.webp","width":1470,"height":1920},{"@type":"BreadcrumbList","@id":"https:\/\/nataliamoreno.es_\/en\/product\/tela-estampada-no7-verbena\/#breadcrumb","itemListElement":[{"@type":"ListItem","position":1,"name":"Portada","item":"https:\/\/nataliamoreno.es\/"},{"@type":"ListItem","position":2,"name":"Tienda","item":"https:\/\/nataliamoreno.es\/shop\/"},{"@type":"ListItem","position":3,"name":"Tejido estampado Verbena"}]},{"@type":"WebSite","@id":"https:\/\/nataliamoreno.es\/#website","url":"https:\/\/nataliamoreno.es\/","name":"Natalia Moreno","description":"Artesan\u00eda &amp; Dise\u00f1o","publisher":{"@id":"https:\/\/nataliamoreno.es\/#organization"},"potentialAction":[{"@type":"SearchAction","target":{"@type":"EntryPoint","urlTemplate":"https:\/\/nataliamoreno.es\/?s={search_term_string}"},"query-input":{"@type":"PropertyValueSpecification","valueRequired":true,"valueName":"search_term_string"}}],"inLanguage":"en-GB"},{"@type":"Organization","@id":"https:\/\/nataliamoreno.es\/#organization","name":"Natalia Moreno","url":"https:\/\/nataliamoreno.es\/","logo":{"@type":"ImageObject","inLanguage":"en-GB","@id":"https:\/\/nataliamoreno.es\/#\/schema\/logo\/image\/","url":"https:\/\/nataliamoreno.es\n\/wp-content\/uploads\/2024\/04\/logo_Natalia_sin_leyenda.png","contentUrl":"https:\/\/nataliamoreno.es\n\/wp-content\/uploads\/2024\/04\/logo_Natalia_sin_leyenda.png","width":1599,"height":462,"caption":"Natalia Moreno"},"image":{"@id":"https:\/\/nataliamoreno.es\/#\/schema\/logo\/image\/"},"sameAs":["https:\/\/www.facebook.com\/people\/Natalia-Moreno-Studio\/100064974072258\/","https:\/\/www.instagram.com\/nataliamorenostudio\/"]}]}},"_links":{"self":[{"href":"https:\/\/nataliamoreno.es\n\/en\/wp-json\/wp\/v2\/product\/1762","targetHints":{"allow":["GET"]}}],"collection":[{"href":"https:\/\/nataliamoreno.es\n\/en\/wp-json\/wp\/v2\/product"}],"about":[{"href":"https:\/\/nataliamoreno.es\n\/en\/wp-json\/wp\/v2\/types\/product"}],"version-history":[{"count":11,"href":"https:\/\/nataliamoreno.es\n\/en\/wp-json\/wp\/v2\/product\/1762\/revisions"}],"predecessor-version":[{"id":3248,"href":"https:\/\/nataliamoreno.es\n\/en\/wp-json\/wp\/v2\/product\/1762\/revisions\/3248"}],"wp:featuredmedia":[{"embeddable":true,"href":"https:\/\/nataliamoreno.es\n\/en\/wp-json\/wp\/v2\/media\/2668"}],"wp:attachment":[{"href":"https:\/\/nataliamoreno.es\n\/en\/wp-json\/wp\/v2\/media?parent=1762"}],"wp:term":[{"taxonomy":"product_brand","embeddable":true,"href":"https:\/\/nataliamoreno.es\n\/en\/wp-json\/wp\/v2\/product_brand?post=1762"},{"taxonomy":"product_cat","embeddable":true,"href":"https:\/\/nataliamoreno.es\n\/en\/wp-json\/wp\/v2\/product_cat?post=1762"},{"taxonomy":"product_tag","embeddable":true,"href":"https:\/\/nataliamoreno.es\n\/en\/wp-json\/wp\/v2\/product_tag?post=1762"}],"curies":[{"name":"wp","href":"https:\/\/api.w.org\/{rel}","templated":true}]}}