{"id":94,"date":"2024-04-01T19:42:58","date_gmt":"2024-04-01T17:42:58","guid":{"rendered":"http:\/\/nataliamoreno.es\/cart\/"},"modified":"2024-11-04T13:40:34","modified_gmt":"2024-11-04T12:40:34","slug":"cart","status":"publish","type":"page","link":"https:\/\/nataliamoreno.es\n\/en\/cart\/","title":{"rendered":"Mi cesta"},"content":{"rendered":"<div data-elementor-type=\"wp-page\" data-elementor-id=\"94\" class=\"elementor elementor-94\" data-elementor-post-type=\"page\">\n\t\t\t\t<div class=\"elementor-element elementor-element-426f609 e-flex e-con-boxed e-con e-parent\" data-id=\"426f609\" data-element_type=\"container\">\n\t\t\t\t\t<div class=\"e-con-inner\">\n\t\t\t\t\t<\/div>\n\t\t\t\t<\/div>\n\t\t\t\t<\/div>","protected":false},"excerpt":{"rendered":"<p>&nbsp; Producto &nbsp; Precio Cantidad Subtotal &times; L\u00e1mpara Augusta mediana Estampado: Aster 175,00&nbsp;&euro; L\u00e1mpara Augusta mediana &#8211; Aster cantidad 350,00&nbsp;&euro; &times; L\u00e1mpara papel mach\u00e9 Sophia 400,00&nbsp;&euro; L\u00e1mpara papel mach\u00e9 Sophia cantidad 400,00&nbsp;&euro; Total compra Subtotal 750,00&nbsp;&euro; Env\u00edo Precio fijo: 4,78&nbsp;&euro; Enviar a Pontevedra. Cambiar direcci\u00f3n Pa\u00eds o regi\u00f3n: Selecciona un pa\u00eds\/regi\u00f3n&hellip;Afganist\u00e1nAlbaniaAlemaniaAndorraAngolaAnguilaAnt\u00e1rtidaAntigua y BarbudaArabia SauditaArgeliaArgentinaArmeniaArubaAustraliaAustriaAzerbaijanBahamasBahrainBangladeshBarbadosBelauB\u00e9lgicaBelizeBeninBermudaBhutanBielorrusiaBirmaniaBoliviaBonaire, San [&hellip;]<\/p>","protected":false},"author":4,"featured_media":0,"parent":0,"menu_order":0,"comment_status":"closed","ping_status":"closed","template":"elementor_header_footer","meta":{"footnotes":""},"class_list":["post-94","page","type-page","status-publish","hentry"],"yoast_head":"<!-- This site is optimized with the Yoast SEO plugin v24.4 - https:\/\/yoast.com\/wordpress\/plugins\/seo\/ -->\n<title>Mi cesta - Natalia Moreno<\/title>\n<meta name=\"robots\" content=\"index, follow, max-snippet:-1, max-image-preview:large, max-video-preview:-1\" \/>\n<link rel=\"canonical\" href=\"https:\/\/nataliamoreno.es\/cart\/\" \/>\n<meta property=\"og:locale\" content=\"en_GB\" \/>\n<meta property=\"og:type\" content=\"article\" \/>\n<meta property=\"og:title\" content=\"Mi cesta - Natalia Moreno\" \/>\n<meta property=\"og:description\" content=\"&nbsp; Producto &nbsp; Precio Cantidad Subtotal &times; L\u00e1mpara Augusta mediana Estampado: Aster 175,00&nbsp;&euro; L\u00e1mpara Augusta mediana &#8211; Aster cantidad 350,00&nbsp;&euro; &times; L\u00e1mpara papel mach\u00e9 Sophia 400,00&nbsp;&euro; L\u00e1mpara papel mach\u00e9 Sophia cantidad 400,00&nbsp;&euro; Total compra Subtotal 750,00&nbsp;&euro; Env\u00edo Precio fijo: 4,78&nbsp;&euro; Enviar a Pontevedra. Cambiar direcci\u00f3n Pa\u00eds o regi\u00f3n: Selecciona un pa\u00eds\/regi\u00f3n&hellip;Afganist\u00e1nAlbaniaAlemaniaAndorraAngolaAnguilaAnt\u00e1rtidaAntigua y BarbudaArabia SauditaArgeliaArgentinaArmeniaArubaAustraliaAustriaAzerbaijanBahamasBahrainBangladeshBarbadosBelauB\u00e9lgicaBelizeBeninBermudaBhutanBielorrusiaBirmaniaBoliviaBonaire, San [&hellip;]\" \/>\n<meta property=\"og:url\" content=\"https:\/\/nataliamoreno.es\/cart\/\" \/>\n<meta property=\"og:site_name\" content=\"Natalia Moreno\" \/>\n<meta property=\"article:publisher\" content=\"https:\/\/www.facebook.com\/people\/Natalia-Moreno-Studio\/100064974072258\/\" \/>\n<meta property=\"article:modified_time\" content=\"2024-11-04T12:40:34+00:00\" \/>\n<meta property=\"og:image\" content=\"http:\/\/nataliamoreno.es\/wp-content\/uploads\/2024\/05\/1-augusta-mediana_resultado.webp\" \/>\n<meta name=\"twitter:card\" content=\"summary_large_image\" \/>\n<meta name=\"twitter:label1\" content=\"Estimated reading time\" \/>\n\t<meta name=\"twitter:data1\" content=\"2 minutes\" \/>\n<script type=\"application\/ld+json\" class=\"yoast-schema-graph\">{\"@context\":\"https:\/\/schema.org\",\"@graph\":[{\"@type\":\"WebPage\",\"@id\":\"https:\/\/nataliamoreno.es\/cart\/\",\"url\":\"https:\/\/nataliamoreno.es\/cart\/\",\"name\":\"Mi cesta - Natalia Moreno\",\"isPartOf\":{\"@id\":\"https:\/\/nataliamoreno.es\/#website\"},\"primaryImageOfPage\":{\"@id\":\"https:\/\/nataliamoreno.es\/cart\/#primaryimage\"},\"image\":{\"@id\":\"https:\/\/nataliamoreno.es\/cart\/#primaryimage\"},\"thumbnailUrl\":\"http:\/\/nataliamoreno.es\/wp-content\/uploads\/2024\/05\/1-augusta-mediana_resultado.webp\",\"datePublished\":\"2024-04-01T17:42:58+00:00\",\"dateModified\":\"2024-11-04T12:40:34+00:00\",\"breadcrumb\":{\"@id\":\"https:\/\/nataliamoreno.es\/cart\/#breadcrumb\"},\"inLanguage\":\"en-GB\",\"potentialAction\":[{\"@type\":\"ReadAction\",\"target\":[\"https:\/\/nataliamoreno.es\/cart\/\"]}]},{\"@type\":\"ImageObject\",\"inLanguage\":\"en-GB\",\"@id\":\"https:\/\/nataliamoreno.es\/cart\/#primaryimage\",\"url\":\"http:\/\/nataliamoreno.es\/wp-content\/uploads\/2024\/05\/1-augusta-mediana_resultado.webp\",\"contentUrl\":\"http:\/\/nataliamoreno.es\/wp-content\/uploads\/2024\/05\/1-augusta-mediana_resultado.webp\"},{\"@type\":\"BreadcrumbList\",\"@id\":\"https:\/\/nataliamoreno.es\/cart\/#breadcrumb\",\"itemListElement\":[{\"@type\":\"ListItem\",\"position\":1,\"name\":\"Portada\",\"item\":\"https:\/\/nataliamoreno.es\/\"},{\"@type\":\"ListItem\",\"position\":2,\"name\":\"Mi cesta\"}]},{\"@type\":\"WebSite\",\"@id\":\"https:\/\/nataliamoreno.es\/#website\",\"url\":\"https:\/\/nataliamoreno.es\/\",\"name\":\"Natalia Moreno\",\"description\":\"Artesan\u00eda &amp; Dise\u00f1o\",\"publisher\":{\"@id\":\"https:\/\/nataliamoreno.es\/#organization\"},\"potentialAction\":[{\"@type\":\"SearchAction\",\"target\":{\"@type\":\"EntryPoint\",\"urlTemplate\":\"https:\/\/nataliamoreno.es\/?s={search_term_string}\"},\"query-input\":{\"@type\":\"PropertyValueSpecification\",\"valueRequired\":true,\"valueName\":\"search_term_string\"}}],\"inLanguage\":\"en-GB\"},{\"@type\":\"Organization\",\"@id\":\"https:\/\/nataliamoreno.es\/#organization\",\"name\":\"Natalia Moreno\",\"url\":\"https:\/\/nataliamoreno.es\/\",\"logo\":{\"@type\":\"ImageObject\",\"inLanguage\":\"en-GB\",\"@id\":\"https:\/\/nataliamoreno.es\/#\/schema\/logo\/image\/\",\"url\":\"https:\/\/nataliamoreno.es\\n\/wp-content\/uploads\/2024\/04\/logo_Natalia_sin_leyenda.png\",\"contentUrl\":\"https:\/\/nataliamoreno.es\\n\/wp-content\/uploads\/2024\/04\/logo_Natalia_sin_leyenda.png\",\"width\":1599,\"height\":462,\"caption\":\"Natalia Moreno\"},\"image\":{\"@id\":\"https:\/\/nataliamoreno.es\/#\/schema\/logo\/image\/\"},\"sameAs\":[\"https:\/\/www.facebook.com\/people\/Natalia-Moreno-Studio\/100064974072258\/\",\"https:\/\/www.instagram.com\/nataliamorenostudio\/\"]}]}<\/script>\n<!-- \/ Yoast SEO plugin. -->","yoast_head_json":{"title":"Mi cesta - Natalia Moreno","robots":{"index":"index","follow":"follow","max-snippet":"max-snippet:-1","max-image-preview":"max-image-preview:large","max-video-preview":"max-video-preview:-1"},"canonical":"https:\/\/nataliamoreno.es\/cart\/","og_locale":"en_GB","og_type":"article","og_title":"Mi cesta - Natalia Moreno","og_description":"&nbsp; Producto &nbsp; Precio Cantidad Subtotal &times; L\u00e1mpara Augusta mediana Estampado: Aster 175,00&nbsp;&euro; L\u00e1mpara Augusta mediana &#8211; Aster cantidad 350,00&nbsp;&euro; &times; L\u00e1mpara papel mach\u00e9 Sophia 400,00&nbsp;&euro; L\u00e1mpara papel mach\u00e9 Sophia cantidad 400,00&nbsp;&euro; Total compra Subtotal 750,00&nbsp;&euro; Env\u00edo Precio fijo: 4,78&nbsp;&euro; Enviar a Pontevedra. Cambiar direcci\u00f3n Pa\u00eds o regi\u00f3n: Selecciona un pa\u00eds\/regi\u00f3n&hellip;Afganist\u00e1nAlbaniaAlemaniaAndorraAngolaAnguilaAnt\u00e1rtidaAntigua y BarbudaArabia SauditaArgeliaArgentinaArmeniaArubaAustraliaAustriaAzerbaijanBahamasBahrainBangladeshBarbadosBelauB\u00e9lgicaBelizeBeninBermudaBhutanBielorrusiaBirmaniaBoliviaBonaire, San [&hellip;]","og_url":"https:\/\/nataliamoreno.es\/cart\/","og_site_name":"Natalia Moreno","article_publisher":"https:\/\/www.facebook.com\/people\/Natalia-Moreno-Studio\/100064974072258\/","article_modified_time":"2024-11-04T12:40:34+00:00","og_image":[{"url":"http:\/\/nataliamoreno.es\/wp-content\/uploads\/2024\/05\/1-augusta-mediana_resultado.webp","type":"","width":"","height":""}],"twitter_card":"summary_large_image","twitter_misc":{"Estimated reading time":"2 minutes"},"schema":{"@context":"https:\/\/schema.org","@graph":[{"@type":"WebPage","@id":"https:\/\/nataliamoreno.es\/cart\/","url":"https:\/\/nataliamoreno.es\/cart\/","name":"Mi cesta - Natalia Moreno","isPartOf":{"@id":"https:\/\/nataliamoreno.es\/#website"},"primaryImageOfPage":{"@id":"https:\/\/nataliamoreno.es\/cart\/#primaryimage"},"image":{"@id":"https:\/\/nataliamoreno.es\/cart\/#primaryimage"},"thumbnailUrl":"http:\/\/nataliamoreno.es\/wp-content\/uploads\/2024\/05\/1-augusta-mediana_resultado.webp","datePublished":"2024-04-01T17:42:58+00:00","dateModified":"2024-11-04T12:40:34+00:00","breadcrumb":{"@id":"https:\/\/nataliamoreno.es\/cart\/#breadcrumb"},"inLanguage":"en-GB","potentialAction":[{"@type":"ReadAction","target":["https:\/\/nataliamoreno.es\/cart\/"]}]},{"@type":"ImageObject","inLanguage":"en-GB","@id":"https:\/\/nataliamoreno.es\/cart\/#primaryimage","url":"http:\/\/nataliamoreno.es\/wp-content\/uploads\/2024\/05\/1-augusta-mediana_resultado.webp","contentUrl":"http:\/\/nataliamoreno.es\/wp-content\/uploads\/2024\/05\/1-augusta-mediana_resultado.webp"},{"@type":"BreadcrumbList","@id":"https:\/\/nataliamoreno.es\/cart\/#breadcrumb","itemListElement":[{"@type":"ListItem","position":1,"name":"Portada","item":"https:\/\/nataliamoreno.es\/"},{"@type":"ListItem","position":2,"name":"Mi cesta"}]},{"@type":"WebSite","@id":"https:\/\/nataliamoreno.es\/#website","url":"https:\/\/nataliamoreno.es\/","name":"Natalia Moreno","description":"Artesan\u00eda &amp; Dise\u00f1o","publisher":{"@id":"https:\/\/nataliamoreno.es\/#organization"},"potentialAction":[{"@type":"SearchAction","target":{"@type":"EntryPoint","urlTemplate":"https:\/\/nataliamoreno.es\/?s={search_term_string}"},"query-input":{"@type":"PropertyValueSpecification","valueRequired":true,"valueName":"search_term_string"}}],"inLanguage":"en-GB"},{"@type":"Organization","@id":"https:\/\/nataliamoreno.es\/#organization","name":"Natalia Moreno","url":"https:\/\/nataliamoreno.es\/","logo":{"@type":"ImageObject","inLanguage":"en-GB","@id":"https:\/\/nataliamoreno.es\/#\/schema\/logo\/image\/","url":"https:\/\/nataliamoreno.es\n\/wp-content\/uploads\/2024\/04\/logo_Natalia_sin_leyenda.png","contentUrl":"https:\/\/nataliamoreno.es\n\/wp-content\/uploads\/2024\/04\/logo_Natalia_sin_leyenda.png","width":1599,"height":462,"caption":"Natalia Moreno"},"image":{"@id":"https:\/\/nataliamoreno.es\/#\/schema\/logo\/image\/"},"sameAs":["https:\/\/www.facebook.com\/people\/Natalia-Moreno-Studio\/100064974072258\/","https:\/\/www.instagram.com\/nataliamorenostudio\/"]}]}},"_links":{"self":[{"href":"https:\/\/nataliamoreno.es\n\/en\/wp-json\/wp\/v2\/pages\/94","targetHints":{"allow":["GET"]}}],"collection":[{"href":"https:\/\/nataliamoreno.es\n\/en\/wp-json\/wp\/v2\/pages"}],"about":[{"href":"https:\/\/nataliamoreno.es\n\/en\/wp-json\/wp\/v2\/types\/page"}],"author":[{"embeddable":true,"href":"https:\/\/nataliamoreno.es\n\/en\/wp-json\/wp\/v2\/users\/4"}],"replies":[{"embeddable":true,"href":"https:\/\/nataliamoreno.es\n\/en\/wp-json\/wp\/v2\/comments?post=94"}],"version-history":[{"count":30,"href":"https:\/\/nataliamoreno.es\n\/en\/wp-json\/wp\/v2\/pages\/94\/revisions"}],"predecessor-version":[{"id":2764,"href":"https:\/\/nataliamoreno.es\n\/en\/wp-json\/wp\/v2\/pages\/94\/revisions\/2764"}],"wp:attachment":[{"href":"https:\/\/nataliamoreno.es\n\/en\/wp-json\/wp\/v2\/media?parent=94"}],"curies":[{"name":"wp","href":"https:\/\/api.w.org\/{rel}","templated":true}]}}