{"id":404,"date":"2024-05-04T18:15:13","date_gmt":"2024-05-04T16:15:13","guid":{"rendered":"http:\/\/nataliamoreno.es\/?page_id=404"},"modified":"2025-09-19T16:15:11","modified_gmt":"2025-09-19T14:15:11","slug":"quien-soy","status":"publish","type":"page","link":"https:\/\/nataliamoreno.es\n\/en\/quien-soy\/","title":{"rendered":"About Me"},"content":{"rendered":"<div data-elementor-type=\"wp-page\" data-elementor-id=\"404\" class=\"elementor elementor-404\" data-elementor-post-type=\"page\">\n\t\t\t\t<div class=\"elementor-element elementor-element-332863a e-con-full e-flex e-con e-parent\" data-id=\"332863a\" data-element_type=\"container\">\n\t\t<div class=\"elementor-element elementor-element-06e80aa e-con-full e-flex e-con e-child\" data-id=\"06e80aa\" data-element_type=\"container\">\n\t\t<div class=\"elementor-element elementor-element-d33aabc e-con-full e-flex e-con e-child\" data-id=\"d33aabc\" data-element_type=\"container\">\n\t\t\t\t<div class=\"elementor-element elementor-element-f3f99e4 elementor-widget elementor-widget-heading\" data-id=\"f3f99e4\" data-element_type=\"widget\" data-widget_type=\"heading.default\">\n\t\t\t\t<div class=\"elementor-widget-container\">\n\t\t\t\t\t<h2 class=\"elementor-heading-title elementor-size-default\">About me<\/h2>\t\t\t\t<\/div>\n\t\t\t\t<\/div>\n\t\t\t\t<div class=\"elementor-element elementor-element-5cab2cf elementor-widget elementor-widget-text-editor\" data-id=\"5cab2cf\" data-element_type=\"widget\" data-widget_type=\"text-editor.default\">\n\t\t\t\t<div class=\"elementor-widget-container\">\n\t\t\t\t\t\t\t\t\t<p class=\"p1\">For as long as I can remember, I have been passionate about art, design and crafts.<\/p><p class=\"p3\"><span class=\"s1\">I studied Restoration of Painting <\/span>Gilding and Polychromy at the <b>Istituto per l'arte e il Restauro in Florence (Italy) <\/b>later working for more than 15 years in Bologna, Florence, Milan and Madrid for different Museums, Auction Houses, Antique Dealers and Collectors of Works of Art.<\/p><p class=\"p5\">My career as a restorer of works of art has allowed me to always be in contact with aesthetics, art and manual work, my great passions, so years later I decided to develop my creative capacity and artistic sensitivity through design, studying Fashion Design and Printing at the <b>Istituto Europeo di Design (Madrid).<\/b><\/p><p class=\"p5\">I started working for the designer <b>David Delf\u00edn <\/b>and later<b> <\/b>as head of the design department of the accessories firm <b>Isabel Sartorius<\/b>.<\/p><p class=\"p5\">Years later, I created my own design studio, working for several brands and companies such as <b>Zara Kids, Tintoretto, Hoss intropia, Springfield, El Corte Ingl\u00e9s and Fundaci\u00f3n Juan March<\/b>, among others.<\/p><p class=\"p5\">I started as teacher at the <b>FID Project (Madrid)<\/b> teaching textile printing and design of a collection of accessories, created by people with mental disabilities. The \"Natural Inspiration\" accessories collection was presented on the <b>MFSHOW SS\/15<\/b> catwalk  (Madrid), with a great reception from attendees and the specialized press. The project has received the<b> 2014 INESE Solidarity<\/b> Award in its XIV edition.<\/p><p class=\"p5\">My passion for art, craftsmanship and print design have influenced my research on the different artisanal techniques of manual printing, so I decided to study artistic screen printing at the <b>Municipal School of Arts &amp; Crafts, Vigo<\/b>.<\/p><p class=\"p5\">For several years I have created my personal project, where I design and print objects and fabrics by hand and teach courses and workshops on handmade printing.<\/p><p class=\"p5\">I am a member of the <a href=\"https:\/\/artesaniadegalicia.xunta.gal\/es\/talleres\/natalia-moreno-studio\" target=\"_blank\" rel=\"noopener\"><b>Galician Crafts Foundation<\/b>.<\/a><\/p><p class=\"p7\"><span class=\"s2\">I am also Co-founder of <a href=\"https:\/\/www.hylica.com\/\" target=\"_blank\" rel=\"noopener\"><b>Espacio Hylica<\/b><\/a>, a space for<\/span> the study and dissemination of ancient techniques. We created a place where value ancient artisanal know-how is valued and an open space for all those interested in handmade craftsmanship, without machines. Here we offer students the possibility of getting started in manual techniques and discovering the gestures of the past and also collaborate with other artisans who come to transmit their <i>know-how to us.<\/i><\/p>\t\t\t\t\t\t\t\t<\/div>\n\t\t\t\t<\/div>\n\t\t\t\t<\/div>\n\t\t\t\t<\/div>\n\t\t<div class=\"elementor-element elementor-element-d29edef e-con-full e-flex e-con e-child\" data-id=\"d29edef\" data-element_type=\"container\">\n\t\t<div class=\"elementor-element elementor-element-3b12976 e-flex e-con-boxed e-con e-child\" data-id=\"3b12976\" data-element_type=\"container\">\n\t\t\t\t\t<div class=\"e-con-inner\">\n\t\t<div class=\"elementor-element elementor-element-c937604 e-con-full e-flex e-con e-child\" data-id=\"c937604\" data-element_type=\"container\" data-settings=\"{&quot;background_background&quot;:&quot;classic&quot;}\">\n\t\t\t\t<\/div>\n\t\t\t\t\t<\/div>\n\t\t\t\t<\/div>\n\t\t<div class=\"elementor-element elementor-element-2a2f5fb e-flex e-con-boxed e-con e-child\" data-id=\"2a2f5fb\" data-element_type=\"container\">\n\t\t\t\t\t<div class=\"e-con-inner\">\n\t\t<div class=\"elementor-element elementor-element-8beef4d e-flex e-con-boxed e-con e-child\" data-id=\"8beef4d\" data-element_type=\"container\">\n\t\t\t\t\t<div class=\"e-con-inner\">\n\t\t\t\t<div class=\"elementor-element elementor-element-cc35a6d elementor-blockquote--skin-quotation elementor-blockquote--align-center elementor-blockquote--button-color-official elementor-widget elementor-widget-blockquote\" data-id=\"cc35a6d\" data-element_type=\"widget\" data-widget_type=\"blockquote.default\">\n\t\t\t\t<div class=\"elementor-widget-container\">\n\t\t\t\t\t\t\t<blockquote class=\"elementor-blockquote\">\n\t\t\t<p class=\"elementor-blockquote__content\">\n\t\t\t\tI love the art of creating unique, authentic pieces with a story to tell.\t\t\t<\/p>\n\t\t\t\t\t<\/blockquote>\n\t\t\t\t\t\t<\/div>\n\t\t\t\t<\/div>\n\t\t\t\t\t<\/div>\n\t\t\t\t<\/div>\n\t\t\t\t\t<\/div>\n\t\t\t\t<\/div>\n\t\t\t\t<\/div>\n\t\t\t\t<\/div>\n\t\t\t\t<\/div>","protected":false},"excerpt":{"rendered":"<p>Sobre m\u00ed Desde que tengo memoria me ha apasionado el arte, el dise\u00f1o y la artesan\u00eda. Estudi\u00e9 en Florencia (Italia) Restauraci\u00f3n de Pintura, Dorado y Policrom\u00eda en el Istituto per l\u2019arte e il Restauro, trabajando posteriormente durante m\u00e1s de 15 a\u00f1os en Bolonia, Florencia, Mil\u00e1n y Madrid para diferentes Museos, Casas de Subastas, Anticuarios y [&hellip;]<\/p>","protected":false},"author":3,"featured_media":0,"parent":0,"menu_order":0,"comment_status":"closed","ping_status":"closed","template":"","meta":{"footnotes":""},"class_list":["post-404","page","type-page","status-publish","hentry"],"yoast_head":"<!-- This site is optimized with the Yoast SEO plugin v24.4 - https:\/\/yoast.com\/wordpress\/plugins\/seo\/ -->\n<title>Quien soy - Natalia Moreno<\/title>\n<meta name=\"robots\" content=\"index, follow, max-snippet:-1, max-image-preview:large, max-video-preview:-1\" \/>\n<link rel=\"canonical\" href=\"https:\/\/nataliamoreno.es\/quien-soy\/\" \/>\n<meta property=\"og:locale\" content=\"en_GB\" \/>\n<meta property=\"og:type\" content=\"article\" \/>\n<meta property=\"og:title\" content=\"Quien soy - Natalia Moreno\" \/>\n<meta property=\"og:description\" content=\"Sobre m\u00ed Desde que tengo memoria me ha apasionado el arte, el dise\u00f1o y la artesan\u00eda. Estudi\u00e9 en Florencia (Italia) Restauraci\u00f3n de Pintura, Dorado y Policrom\u00eda en el Istituto per l\u2019arte e il Restauro, trabajando posteriormente durante m\u00e1s de 15 a\u00f1os en Bolonia, Florencia, Mil\u00e1n y Madrid para diferentes Museos, Casas de Subastas, Anticuarios y [&hellip;]\" \/>\n<meta property=\"og:url\" content=\"https:\/\/nataliamoreno.es\/quien-soy\/\" \/>\n<meta property=\"og:site_name\" content=\"Natalia Moreno\" \/>\n<meta property=\"article:publisher\" content=\"https:\/\/www.facebook.com\/people\/Natalia-Moreno-Studio\/100064974072258\/\" \/>\n<meta property=\"article:modified_time\" content=\"2025-09-19T14:15:11+00:00\" \/>\n<meta name=\"twitter:card\" content=\"summary_large_image\" \/>\n<meta name=\"twitter:label1\" content=\"Estimated reading time\" \/>\n\t<meta name=\"twitter:data1\" content=\"2 minutes\" \/>\n<script type=\"application\/ld+json\" class=\"yoast-schema-graph\">{\"@context\":\"https:\/\/schema.org\",\"@graph\":[{\"@type\":\"WebPage\",\"@id\":\"https:\/\/nataliamoreno.es\/quien-soy\/\",\"url\":\"https:\/\/nataliamoreno.es\/quien-soy\/\",\"name\":\"Quien soy - Natalia Moreno\",\"isPartOf\":{\"@id\":\"https:\/\/nataliamoreno.es\/#website\"},\"datePublished\":\"2024-05-04T16:15:13+00:00\",\"dateModified\":\"2025-09-19T14:15:11+00:00\",\"breadcrumb\":{\"@id\":\"https:\/\/nataliamoreno.es\/quien-soy\/#breadcrumb\"},\"inLanguage\":\"en-GB\",\"potentialAction\":[{\"@type\":\"ReadAction\",\"target\":[\"https:\/\/nataliamoreno.es\/quien-soy\/\"]}]},{\"@type\":\"BreadcrumbList\",\"@id\":\"https:\/\/nataliamoreno.es\/quien-soy\/#breadcrumb\",\"itemListElement\":[{\"@type\":\"ListItem\",\"position\":1,\"name\":\"Portada\",\"item\":\"https:\/\/nataliamoreno.es\/\"},{\"@type\":\"ListItem\",\"position\":2,\"name\":\"Quien soy\"}]},{\"@type\":\"WebSite\",\"@id\":\"https:\/\/nataliamoreno.es\/#website\",\"url\":\"https:\/\/nataliamoreno.es\/\",\"name\":\"Natalia Moreno\",\"description\":\"Artesan\u00eda &amp; Dise\u00f1o\",\"publisher\":{\"@id\":\"https:\/\/nataliamoreno.es\/#organization\"},\"potentialAction\":[{\"@type\":\"SearchAction\",\"target\":{\"@type\":\"EntryPoint\",\"urlTemplate\":\"https:\/\/nataliamoreno.es\/?s={search_term_string}\"},\"query-input\":{\"@type\":\"PropertyValueSpecification\",\"valueRequired\":true,\"valueName\":\"search_term_string\"}}],\"inLanguage\":\"en-GB\"},{\"@type\":\"Organization\",\"@id\":\"https:\/\/nataliamoreno.es\/#organization\",\"name\":\"Natalia Moreno\",\"url\":\"https:\/\/nataliamoreno.es\/\",\"logo\":{\"@type\":\"ImageObject\",\"inLanguage\":\"en-GB\",\"@id\":\"https:\/\/nataliamoreno.es\/#\/schema\/logo\/image\/\",\"url\":\"https:\/\/nataliamoreno.es\\n\/wp-content\/uploads\/2024\/04\/logo_Natalia_sin_leyenda.png\",\"contentUrl\":\"https:\/\/nataliamoreno.es\\n\/wp-content\/uploads\/2024\/04\/logo_Natalia_sin_leyenda.png\",\"width\":1599,\"height\":462,\"caption\":\"Natalia Moreno\"},\"image\":{\"@id\":\"https:\/\/nataliamoreno.es\/#\/schema\/logo\/image\/\"},\"sameAs\":[\"https:\/\/www.facebook.com\/people\/Natalia-Moreno-Studio\/100064974072258\/\",\"https:\/\/www.instagram.com\/nataliamorenostudio\/\"]}]}<\/script>\n<!-- \/ Yoast SEO plugin. -->","yoast_head_json":{"title":"Quien soy - Natalia Moreno","robots":{"index":"index","follow":"follow","max-snippet":"max-snippet:-1","max-image-preview":"max-image-preview:large","max-video-preview":"max-video-preview:-1"},"canonical":"https:\/\/nataliamoreno.es\/quien-soy\/","og_locale":"en_GB","og_type":"article","og_title":"Quien soy - Natalia Moreno","og_description":"Sobre m\u00ed Desde que tengo memoria me ha apasionado el arte, el dise\u00f1o y la artesan\u00eda. Estudi\u00e9 en Florencia (Italia) Restauraci\u00f3n de Pintura, Dorado y Policrom\u00eda en el Istituto per l\u2019arte e il Restauro, trabajando posteriormente durante m\u00e1s de 15 a\u00f1os en Bolonia, Florencia, Mil\u00e1n y Madrid para diferentes Museos, Casas de Subastas, Anticuarios y [&hellip;]","og_url":"https:\/\/nataliamoreno.es\/quien-soy\/","og_site_name":"Natalia Moreno","article_publisher":"https:\/\/www.facebook.com\/people\/Natalia-Moreno-Studio\/100064974072258\/","article_modified_time":"2025-09-19T14:15:11+00:00","twitter_card":"summary_large_image","twitter_misc":{"Estimated reading time":"2 minutes"},"schema":{"@context":"https:\/\/schema.org","@graph":[{"@type":"WebPage","@id":"https:\/\/nataliamoreno.es\/quien-soy\/","url":"https:\/\/nataliamoreno.es\/quien-soy\/","name":"Quien soy - Natalia Moreno","isPartOf":{"@id":"https:\/\/nataliamoreno.es\/#website"},"datePublished":"2024-05-04T16:15:13+00:00","dateModified":"2025-09-19T14:15:11+00:00","breadcrumb":{"@id":"https:\/\/nataliamoreno.es\/quien-soy\/#breadcrumb"},"inLanguage":"en-GB","potentialAction":[{"@type":"ReadAction","target":["https:\/\/nataliamoreno.es\/quien-soy\/"]}]},{"@type":"BreadcrumbList","@id":"https:\/\/nataliamoreno.es\/quien-soy\/#breadcrumb","itemListElement":[{"@type":"ListItem","position":1,"name":"Portada","item":"https:\/\/nataliamoreno.es\/"},{"@type":"ListItem","position":2,"name":"Quien soy"}]},{"@type":"WebSite","@id":"https:\/\/nataliamoreno.es\/#website","url":"https:\/\/nataliamoreno.es\/","name":"Natalia Moreno","description":"Artesan\u00eda &amp; Dise\u00f1o","publisher":{"@id":"https:\/\/nataliamoreno.es\/#organization"},"potentialAction":[{"@type":"SearchAction","target":{"@type":"EntryPoint","urlTemplate":"https:\/\/nataliamoreno.es\/?s={search_term_string}"},"query-input":{"@type":"PropertyValueSpecification","valueRequired":true,"valueName":"search_term_string"}}],"inLanguage":"en-GB"},{"@type":"Organization","@id":"https:\/\/nataliamoreno.es\/#organization","name":"Natalia Moreno","url":"https:\/\/nataliamoreno.es\/","logo":{"@type":"ImageObject","inLanguage":"en-GB","@id":"https:\/\/nataliamoreno.es\/#\/schema\/logo\/image\/","url":"https:\/\/nataliamoreno.es\n\/wp-content\/uploads\/2024\/04\/logo_Natalia_sin_leyenda.png","contentUrl":"https:\/\/nataliamoreno.es\n\/wp-content\/uploads\/2024\/04\/logo_Natalia_sin_leyenda.png","width":1599,"height":462,"caption":"Natalia Moreno"},"image":{"@id":"https:\/\/nataliamoreno.es\/#\/schema\/logo\/image\/"},"sameAs":["https:\/\/www.facebook.com\/people\/Natalia-Moreno-Studio\/100064974072258\/","https:\/\/www.instagram.com\/nataliamorenostudio\/"]}]}},"_links":{"self":[{"href":"https:\/\/nataliamoreno.es\n\/en\/wp-json\/wp\/v2\/pages\/404","targetHints":{"allow":["GET"]}}],"collection":[{"href":"https:\/\/nataliamoreno.es\n\/en\/wp-json\/wp\/v2\/pages"}],"about":[{"href":"https:\/\/nataliamoreno.es\n\/en\/wp-json\/wp\/v2\/types\/page"}],"author":[{"embeddable":true,"href":"https:\/\/nataliamoreno.es\n\/en\/wp-json\/wp\/v2\/users\/3"}],"replies":[{"embeddable":true,"href":"https:\/\/nataliamoreno.es\n\/en\/wp-json\/wp\/v2\/comments?post=404"}],"version-history":[{"count":55,"href":"https:\/\/nataliamoreno.es\n\/en\/wp-json\/wp\/v2\/pages\/404\/revisions"}],"predecessor-version":[{"id":3452,"href":"https:\/\/nataliamoreno.es\n\/en\/wp-json\/wp\/v2\/pages\/404\/revisions\/3452"}],"wp:attachment":[{"href":"https:\/\/nataliamoreno.es\n\/en\/wp-json\/wp\/v2\/media?parent=404"}],"curies":[{"name":"wp","href":"https:\/\/api.w.org\/{rel}","templated":true}]}}