{"id":1193,"date":"2024-06-20T15:48:23","date_gmt":"2024-06-20T13:48:23","guid":{"rendered":"http:\/\/nataliamoreno.es\/?page_id=1193"},"modified":"2024-06-22T16:28:59","modified_gmt":"2024-06-22T14:28:59","slug":"politica-de-cookies","status":"publish","type":"page","link":"https:\/\/nataliamoreno.es\n\/en\/politica-de-cookies\/","title":{"rendered":"Cookie policy"},"content":{"rendered":"<div data-elementor-type=\"wp-page\" data-elementor-id=\"1193\" class=\"elementor elementor-1193\" data-elementor-post-type=\"page\">\n\t\t\t\t<div class=\"elementor-element elementor-element-cadbaa1 e-flex e-con-boxed e-con e-parent\" data-id=\"cadbaa1\" data-element_type=\"container\">\n\t\t\t\t\t<div class=\"e-con-inner\">\n\t\t\t\t<div class=\"elementor-element elementor-element-96d38f0 elementor-widget-mobile__width-inherit elementor-widget elementor-widget-heading\" data-id=\"96d38f0\" data-element_type=\"widget\" data-widget_type=\"heading.default\">\n\t\t\t\t<div class=\"elementor-widget-container\">\n\t\t\t\t\t<h2 class=\"elementor-heading-title elementor-size-default\">Cookie policy<\/h2>\t\t\t\t<\/div>\n\t\t\t\t<\/div>\n\t\t\t\t<div class=\"elementor-element elementor-element-c81d3ea elementor-widget elementor-widget-text-editor\" data-id=\"c81d3ea\" data-element_type=\"widget\" data-widget_type=\"text-editor.default\">\n\t\t\t\t<div class=\"elementor-widget-container\">\n\t\t\t\t\t\t\t\t\t<p><strong>1. BACKGROUND<\/strong><br \/>In accordance with Spanish regulations governing the use of cookies in relation to the provision of electronic communications services, contained in Royal Decree Law 13\/2012 of 30 March, we inform you about the cookies used on the Natalia Moreno website and the reason for their use. We also inform you that by browsing the website you are giving your consent to use them.<\/p><p><strong>2. WHAT ARE COOKIES?<\/strong><br \/>A cookie is a file that is downloaded to your computer when you access certain web pages. Cookies allow a website, among other things, to store and retrieve information about the browsing habits of a user or their computer and, depending on the information they contain and the way you use your computer, they can be used to recognise the user. Cookies are only associated with an anonymous user and their computer or device and do not provide references that allow their personal data to be known.<\/p><p><strong>3. TYPES OF COOKIES<\/strong><br \/>1.- First-party cookies: These are those that are sent to the user's terminal equipment from a computer or domain managed by the editor itself and from which the service requested by the user is provided.<br \/>2.- Third-party cookies: These are those that are sent to the user's terminal equipment from a computer or domain that is not managed by the editor, but by another entity that processes the data obtained through the cookies.<br \/>3.- Session cookies: These are a type of cookie designed to collect and store data while the user accesses a web page.<br \/>4.- Persistent cookies: These are a type of cookie in which the data remains stored in the terminal and can be accessed and processed for a period defined by the party responsible for the cookie, which can range from a few minutes to several years. <br \/>5.- Analysis cookies: These are cookies that are either processed by us or by third parties and allow us to quantify the number of users and thus carry out the measurement and statistical analysis of the use made by users of the service offered. To do this, your browsing on our website is analysed to improve the range of products or services that we offer.<br \/>6.- Advertising Cookies: These are those that allow the management, in the most effective way possible, of the advertising spaces that, where appropriate, the publisher has included on a website, application or platform from which it provides the requested service based on criteria such as the edited content or the frequency at which the advertisements are displayed.<br \/>7.- Behavioural advertising cookies: These cookies allow the management, in the most effective way possible, of the advertising spaces that, where appropriate, the publisher has included on a website, application or platform from which the requested service is provided. These cookies store information on the behaviour of users obtained through continuous observation of their browsing habits, which allows a specific profile to be developed to display advertising based on the same. It is also possible that when you visit a website or open an email where an advertisement or promotion about our products or services is published, a cookie may be installed in your browser that helps us to subsequently show you advertising related to the search you have made, to develop a control of our ads in relation to, for example, the number of times they are seen, where they appear, at what time they are seen, etc.<\/p><p><strong>4. TYPES OF COOKIES USED BY THIS WEBSITE<\/strong><br \/>The cookies used on our website are session and third-party cookies and allow us to store and access information relating to language, the type of browser used and other general characteristics predefined by the user, as well as to monitor and analyse the activity carried out, with the aim of introducing improvements and providing our services in a more efficient and personalised manner.\u00a0<\/p><p>La utilizaci\u00f3n de las cookies ofrece ventajas en la prestaci\u00f3n de servicios dentro de lo que se conoce como la sociedad de la informaci\u00f3n, puesto que, facilita al usuario la navegaci\u00f3n y el acceso a los diferentes servicios que ofrece este sitio web; evita al usuario tener que configurar las caracter\u00edsticas generales predefinidas cada vez que accede al sitio web; favorece la mejora del funcionamiento y de los servicios prestados a trav\u00e9s de este sitio web, tras el correspondiente an\u00e1lisis de la informaci\u00f3n obtenida a trav\u00e9s de las cookies instaladas.<\/p><table><tbody><tr><td width=\"78\"><p><strong>Name<\/strong><\/p><\/td><td width=\"150\"><p><strong>Tipo <\/strong><\/p><\/td><td width=\"134\"><p><strong>Caducidad<\/strong><\/p><\/td><td width=\"167\"><p><strong>Finalidad<\/strong><\/p><\/td><td width=\"70\"><p><strong>\u00a0Clase<\/strong><\/p><\/td><\/tr><tr><td width=\"78\"><p>__utma<\/p><\/td><td width=\"150\"><p>\u00a0De Terceros (Google Analytics)<\/p><\/td><td width=\"134\"><p>2 years<\/p><\/td><td width=\"167\"><p>Se usa para distinguir usuarios y sesiones.<\/p><\/td><td width=\"70\"><p>\u00a0No Exenta<\/p><\/td><\/tr><tr><td width=\"78\"><p>__utmb<\/p><\/td><td width=\"150\"><p>De Terceros (Google Analytics)<\/p><\/td><td width=\"134\"><p>30 minutes<\/p><\/td><td width=\"167\"><p>Se usa para determinar nuevas sesiones o visitas.<\/p><\/td><td width=\"70\"><p>\u00a0No Exenta<\/p><\/td><\/tr><tr><td width=\"78\"><p>__utmc<\/p><\/td><td width=\"150\"><p>De Terceros (Google Analytics)<\/p><\/td><td width=\"134\"><p>At the end of the session<\/p><\/td><td width=\"167\"><p>Se configura para su uso con Urchin.<\/p><\/td><td width=\"70\"><p>\u00a0No Exenta<\/p><\/td><\/tr><tr><td width=\"78\"><p>__utmz<\/p><\/td><td width=\"150\"><p>De Terceros (Google Analytics)<\/p><\/td><td width=\"134\"><p>6 months<\/p><\/td><td width=\"167\"><p>Almacena el origen o la campa\u00f1a que explica c\u00f3mo el usuario ha llegado hasta la p\u00e1gina web.<\/p><\/td><td width=\"70\"><p>\u00a0No Exenta<\/p><\/td><\/tr><\/tbody><\/table><p>\u00a0<\/p><p><strong>5. REVOCATION AND DELETION OF COOKIES<\/strong><\/p><p>At any time, you can access the configuration of your browser by accepting or rejecting all cookies, or select those whose installation is allowed and which are not, by following one of the following procedures, depending on the browser you use:<\/p><p><strong>Google Chrome<\/strong>\u00a0(in the Tools Menu)<br \/>Settings &gt; Show advanced options &gt; Privacy (Content Settings) &gt; Cookies<br \/>More information:\u00a0<a href=\"https:\/\/support.google.com\/chrome\/answer\/95647?hl=es\">https:\/\/support.google.com\/chrome\/answer\/95647?hl=es\u00a0<\/a><\/p><p><strong>Microsoft Internet Explorer<\/strong>\u00a0(in the Tools Menu)<br \/>Internet Options &gt; Privacy &gt; Advanced<br \/>More information:\u00a0<a href=\"http:\/\/windows.microsoft.com\/es-es\/internet-explorer\/delete-manage-cookies#ie=ie-9\">http:\/\/windows.microsoft.com\/es-es\/internet-explorer\/delete-manage-cookies#ie=ie-9\u00a0<\/a><\/p><p><strong>Firefox<\/strong><br \/>Options &gt; Privacy &gt; Cookies<br \/>More information:\u00a0<a href=\"http:\/\/support.mozilla.org\/es\/kb\/habilitar-y-deshabilitar-cookies-que-los-sitios-we\">http:\/\/support.mozilla.org\/es\/kb\/habilitar-y-deshabilitar-cookies-que-los-sitios-we\u00a0<\/a><\/p><p><strong>Safari , iPad y iPhone<\/strong><br \/>Preferences &gt; Privacy<br \/>More information:\u00a0<a href=\"http:\/\/www.apple.com\/es\/privacy\/use-of-cookies\/\">http:\/\/www.apple.com\/es\/privacy\/use-of-cookies\/\u00a0<\/a><\/p><p><strong>Opera<\/strong><br \/>Settings &gt; Options &gt; Advanced &gt; Cookies<br \/>More information:\u00a0<a href=\"http:\/\/help.opera.com\/Linux\/10.60\/es-ES\/cookies.html\">http:\/\/help.opera.com\/Linux\/10.60\/es-ES\/cookies.html\u00a0<\/a><\/p><p><strong>6. THIRD PARTY SERVICE PROVIDERS<\/strong><\/p><p>Specifically, the third party service providers with whom we have contracted a service for which the use of cookies is necessary are:<\/p><table><tbody><tr><td width=\"132\"><p><strong>Proveedor<\/strong><\/p><\/td><td width=\"230\"><p><strong>Finalidad del Servicio y de la Cookie<\/strong><\/p><\/td><td width=\"236\"><p><strong>Informaci\u00f3n del Proveedor<\/strong><\/p><\/td><\/tr><tr><td width=\"132\"><p>GOOGLE Inc.<\/p><\/td><td width=\"230\"><p>\u00a0An\u00e1lisis estad\u00edstico del sitio web a nivel de\u00a0 contabilizaci\u00f3n de visitantes, p\u00e1ginas visitadad, palabras clave utilizadas y similares<\/p><\/td><td width=\"236\"><p>http:\/\/www.google.es\/intl\/es\/policies\/privacy\/<\/p><\/td><\/tr><\/tbody><\/table>\t\t\t\t\t\t\t\t<\/div>\n\t\t\t\t<\/div>\n\t\t\t\t\t<\/div>\n\t\t\t\t<\/div>\n\t\t\t\t<\/div>","protected":false},"excerpt":{"rendered":"<p>Pol\u00edtica de cookies 1. ANTECEDENTESDe conformidad con la normativa espa\u00f1ola que regula el uso de cookies en relaci\u00f3n a la prestaci\u00f3n de servicios de comunicaciones electr\u00f3nicas, recogida en el Real Decreto Ley 13\/2012 del 30 de marzo, le informamos sobre las cookies utilizadas en el sitio web de Natalia Moreno y el motivo de su [&hellip;]<\/p>","protected":false},"author":3,"featured_media":0,"parent":0,"menu_order":0,"comment_status":"closed","ping_status":"closed","template":"","meta":{"footnotes":""},"class_list":["post-1193","page","type-page","status-publish","hentry"],"yoast_head":"<!-- This site is optimized with the Yoast SEO plugin v24.4 - https:\/\/yoast.com\/wordpress\/plugins\/seo\/ -->\n<title>Pol\u00edtica de cookies - Natalia Moreno<\/title>\n<meta name=\"robots\" content=\"index, follow, max-snippet:-1, max-image-preview:large, max-video-preview:-1\" \/>\n<link rel=\"canonical\" href=\"https:\/\/nataliamoreno.es\/politica-de-cookies\/\" \/>\n<meta property=\"og:locale\" content=\"en_GB\" \/>\n<meta property=\"og:type\" content=\"article\" \/>\n<meta property=\"og:title\" content=\"Pol\u00edtica de cookies - Natalia Moreno\" \/>\n<meta property=\"og:description\" content=\"Pol\u00edtica de cookies 1. ANTECEDENTESDe conformidad con la normativa espa\u00f1ola que regula el uso de cookies en relaci\u00f3n a la prestaci\u00f3n de servicios de comunicaciones electr\u00f3nicas, recogida en el Real Decreto Ley 13\/2012 del 30 de marzo, le informamos sobre las cookies utilizadas en el sitio web de Natalia Moreno y el motivo de su [&hellip;]\" \/>\n<meta property=\"og:url\" content=\"https:\/\/nataliamoreno.es\/politica-de-cookies\/\" \/>\n<meta property=\"og:site_name\" content=\"Natalia Moreno\" \/>\n<meta property=\"article:publisher\" content=\"https:\/\/www.facebook.com\/people\/Natalia-Moreno-Studio\/100064974072258\/\" \/>\n<meta property=\"article:modified_time\" content=\"2024-06-22T14:28:59+00:00\" \/>\n<meta name=\"twitter:card\" content=\"summary_large_image\" \/>\n<meta name=\"twitter:label1\" content=\"Estimated reading time\" \/>\n\t<meta name=\"twitter:data1\" content=\"6 minutes\" \/>\n<script type=\"application\/ld+json\" class=\"yoast-schema-graph\">{\"@context\":\"https:\/\/schema.org\",\"@graph\":[{\"@type\":\"WebPage\",\"@id\":\"https:\/\/nataliamoreno.es\/politica-de-cookies\/\",\"url\":\"https:\/\/nataliamoreno.es\/politica-de-cookies\/\",\"name\":\"Pol\u00edtica de cookies - Natalia Moreno\",\"isPartOf\":{\"@id\":\"https:\/\/nataliamoreno.es\/#website\"},\"datePublished\":\"2024-06-20T13:48:23+00:00\",\"dateModified\":\"2024-06-22T14:28:59+00:00\",\"breadcrumb\":{\"@id\":\"https:\/\/nataliamoreno.es\/politica-de-cookies\/#breadcrumb\"},\"inLanguage\":\"en-GB\",\"potentialAction\":[{\"@type\":\"ReadAction\",\"target\":[\"https:\/\/nataliamoreno.es\/politica-de-cookies\/\"]}]},{\"@type\":\"BreadcrumbList\",\"@id\":\"https:\/\/nataliamoreno.es\/politica-de-cookies\/#breadcrumb\",\"itemListElement\":[{\"@type\":\"ListItem\",\"position\":1,\"name\":\"Portada\",\"item\":\"https:\/\/nataliamoreno.es\/\"},{\"@type\":\"ListItem\",\"position\":2,\"name\":\"Pol\u00edtica de cookies\"}]},{\"@type\":\"WebSite\",\"@id\":\"https:\/\/nataliamoreno.es\/#website\",\"url\":\"https:\/\/nataliamoreno.es\/\",\"name\":\"Natalia Moreno\",\"description\":\"Artesan\u00eda &amp; Dise\u00f1o\",\"publisher\":{\"@id\":\"https:\/\/nataliamoreno.es\/#organization\"},\"potentialAction\":[{\"@type\":\"SearchAction\",\"target\":{\"@type\":\"EntryPoint\",\"urlTemplate\":\"https:\/\/nataliamoreno.es\/?s={search_term_string}\"},\"query-input\":{\"@type\":\"PropertyValueSpecification\",\"valueRequired\":true,\"valueName\":\"search_term_string\"}}],\"inLanguage\":\"en-GB\"},{\"@type\":\"Organization\",\"@id\":\"https:\/\/nataliamoreno.es\/#organization\",\"name\":\"Natalia Moreno\",\"url\":\"https:\/\/nataliamoreno.es\/\",\"logo\":{\"@type\":\"ImageObject\",\"inLanguage\":\"en-GB\",\"@id\":\"https:\/\/nataliamoreno.es\/#\/schema\/logo\/image\/\",\"url\":\"https:\/\/nataliamoreno.es\\n\/wp-content\/uploads\/2024\/04\/logo_Natalia_sin_leyenda.png\",\"contentUrl\":\"https:\/\/nataliamoreno.es\\n\/wp-content\/uploads\/2024\/04\/logo_Natalia_sin_leyenda.png\",\"width\":1599,\"height\":462,\"caption\":\"Natalia Moreno\"},\"image\":{\"@id\":\"https:\/\/nataliamoreno.es\/#\/schema\/logo\/image\/\"},\"sameAs\":[\"https:\/\/www.facebook.com\/people\/Natalia-Moreno-Studio\/100064974072258\/\",\"https:\/\/www.instagram.com\/nataliamorenostudio\/\"]}]}<\/script>\n<!-- \/ Yoast SEO plugin. -->","yoast_head_json":{"title":"Pol\u00edtica de cookies - Natalia Moreno","robots":{"index":"index","follow":"follow","max-snippet":"max-snippet:-1","max-image-preview":"max-image-preview:large","max-video-preview":"max-video-preview:-1"},"canonical":"https:\/\/nataliamoreno.es\/politica-de-cookies\/","og_locale":"en_GB","og_type":"article","og_title":"Pol\u00edtica de cookies - Natalia Moreno","og_description":"Pol\u00edtica de cookies 1. ANTECEDENTESDe conformidad con la normativa espa\u00f1ola que regula el uso de cookies en relaci\u00f3n a la prestaci\u00f3n de servicios de comunicaciones electr\u00f3nicas, recogida en el Real Decreto Ley 13\/2012 del 30 de marzo, le informamos sobre las cookies utilizadas en el sitio web de Natalia Moreno y el motivo de su [&hellip;]","og_url":"https:\/\/nataliamoreno.es\/politica-de-cookies\/","og_site_name":"Natalia Moreno","article_publisher":"https:\/\/www.facebook.com\/people\/Natalia-Moreno-Studio\/100064974072258\/","article_modified_time":"2024-06-22T14:28:59+00:00","twitter_card":"summary_large_image","twitter_misc":{"Estimated reading time":"6 minutes"},"schema":{"@context":"https:\/\/schema.org","@graph":[{"@type":"WebPage","@id":"https:\/\/nataliamoreno.es\/politica-de-cookies\/","url":"https:\/\/nataliamoreno.es\/politica-de-cookies\/","name":"Pol\u00edtica de cookies - Natalia Moreno","isPartOf":{"@id":"https:\/\/nataliamoreno.es\/#website"},"datePublished":"2024-06-20T13:48:23+00:00","dateModified":"2024-06-22T14:28:59+00:00","breadcrumb":{"@id":"https:\/\/nataliamoreno.es\/politica-de-cookies\/#breadcrumb"},"inLanguage":"en-GB","potentialAction":[{"@type":"ReadAction","target":["https:\/\/nataliamoreno.es\/politica-de-cookies\/"]}]},{"@type":"BreadcrumbList","@id":"https:\/\/nataliamoreno.es\/politica-de-cookies\/#breadcrumb","itemListElement":[{"@type":"ListItem","position":1,"name":"Portada","item":"https:\/\/nataliamoreno.es\/"},{"@type":"ListItem","position":2,"name":"Pol\u00edtica de cookies"}]},{"@type":"WebSite","@id":"https:\/\/nataliamoreno.es\/#website","url":"https:\/\/nataliamoreno.es\/","name":"Natalia Moreno","description":"Artesan\u00eda &amp; Dise\u00f1o","publisher":{"@id":"https:\/\/nataliamoreno.es\/#organization"},"potentialAction":[{"@type":"SearchAction","target":{"@type":"EntryPoint","urlTemplate":"https:\/\/nataliamoreno.es\/?s={search_term_string}"},"query-input":{"@type":"PropertyValueSpecification","valueRequired":true,"valueName":"search_term_string"}}],"inLanguage":"en-GB"},{"@type":"Organization","@id":"https:\/\/nataliamoreno.es\/#organization","name":"Natalia Moreno","url":"https:\/\/nataliamoreno.es\/","logo":{"@type":"ImageObject","inLanguage":"en-GB","@id":"https:\/\/nataliamoreno.es\/#\/schema\/logo\/image\/","url":"https:\/\/nataliamoreno.es\n\/wp-content\/uploads\/2024\/04\/logo_Natalia_sin_leyenda.png","contentUrl":"https:\/\/nataliamoreno.es\n\/wp-content\/uploads\/2024\/04\/logo_Natalia_sin_leyenda.png","width":1599,"height":462,"caption":"Natalia Moreno"},"image":{"@id":"https:\/\/nataliamoreno.es\/#\/schema\/logo\/image\/"},"sameAs":["https:\/\/www.facebook.com\/people\/Natalia-Moreno-Studio\/100064974072258\/","https:\/\/www.instagram.com\/nataliamorenostudio\/"]}]}},"_links":{"self":[{"href":"https:\/\/nataliamoreno.es\n\/en\/wp-json\/wp\/v2\/pages\/1193","targetHints":{"allow":["GET"]}}],"collection":[{"href":"https:\/\/nataliamoreno.es\n\/en\/wp-json\/wp\/v2\/pages"}],"about":[{"href":"https:\/\/nataliamoreno.es\n\/en\/wp-json\/wp\/v2\/types\/page"}],"author":[{"embeddable":true,"href":"https:\/\/nataliamoreno.es\n\/en\/wp-json\/wp\/v2\/users\/3"}],"replies":[{"embeddable":true,"href":"https:\/\/nataliamoreno.es\n\/en\/wp-json\/wp\/v2\/comments?post=1193"}],"version-history":[{"count":16,"href":"https:\/\/nataliamoreno.es\n\/en\/wp-json\/wp\/v2\/pages\/1193\/revisions"}],"predecessor-version":[{"id":1326,"href":"https:\/\/nataliamoreno.es\n\/en\/wp-json\/wp\/v2\/pages\/1193\/revisions\/1326"}],"wp:attachment":[{"href":"https:\/\/nataliamoreno.es\n\/en\/wp-json\/wp\/v2\/media?parent=1193"}],"curies":[{"name":"wp","href":"https:\/\/api.w.org\/{rel}","templated":true}]}}