{"id":100,"date":"2024-04-01T19:42:58","date_gmt":"2024-04-01T17:42:58","guid":{"rendered":"http:\/\/nataliamoreno.es\/help-info\/"},"modified":"2025-02-06T12:01:11","modified_gmt":"2025-02-06T11:01:11","slug":"pago-seguro","status":"publish","type":"page","link":"https:\/\/nataliamoreno.es\n\/en\/pago-seguro\/","title":{"rendered":"Payment methods"},"content":{"rendered":"<div data-elementor-type=\"wp-page\" data-elementor-id=\"100\" class=\"elementor elementor-100\" data-elementor-post-type=\"page\">\n\t\t\t\t<div class=\"elementor-element elementor-element-3fc23c3e e-flex e-con-boxed e-con e-parent\" data-id=\"3fc23c3e\" data-element_type=\"container\">\n\t\t\t\t\t<div class=\"e-con-inner\">\n\t\t\t\t<div class=\"elementor-element elementor-element-4fd4f74b elementor-widget-mobile__width-inherit elementor-widget elementor-widget-heading\" data-id=\"4fd4f74b\" data-element_type=\"widget\" data-widget_type=\"heading.default\">\n\t\t\t\t<div class=\"elementor-widget-container\">\n\t\t\t\t\t<h2 class=\"elementor-heading-title elementor-size-default\">formas de pago <\/h2>\t\t\t\t<\/div>\n\t\t\t\t<\/div>\n\t\t\t\t<div class=\"elementor-element elementor-element-8ce0fd2 elementor-widget elementor-widget-text-editor\" data-id=\"8ce0fd2\" data-element_type=\"widget\" data-widget_type=\"text-editor.default\">\n\t\t\t\t<div class=\"elementor-widget-container\">\n\t\t\t\t\t\t\t\t\t<p><strong>\u00bfQu\u00e9 formas de pago puedo utilizar para realizar mi compra?<\/strong><\/p><p>Disponemos de los siguientes medios de pago:<\/p><p>Tarjeta bancaria: Visa, Visa electron, Mastercard, American Express.<\/p><p>Klarna: no pagues nada hasta 7 d\u00edas despu\u00e9s de recibir el producto. Tambi\u00e9n puedes fraccionar tu pago si supera los 50\u20ac<\/p><p>Transferencia bancaria: si escoges esta modalidad de pago recibir\u00e1s un email con nuestros datos bancarios para que puedas realizar la transferencia<\/p><p>Fracciona tu pago con Klarna<br \/>Fracciona tu pago en 3, 6 o 12 cuotas mensuales sin intereses ni comisiones. Inmediato, sin papeleo y con s\u00f3lo un coste fijo por cuota.<\/p><p><strong>\u00bfC\u00f3mo funciona Klarna?<\/strong><\/p><p>Elige Fracciona tu pago con Klarna al realizar tu pedido y paga s\u00f3lo la primera cuota. Posteriormente recibidas tu pedido y el resto de los pagos fraccionados se cargar\u00e1n autom\u00e1ticamente a tu tarjeta.<br \/>Adem\u00e1s puedes pagar el total de tu pedido cuando quieras sin costes adicionales.<\/p><p><strong>\u00bfCu\u00e1nto cuesta este servicio?<\/strong><\/p><p>El coste del servicio es fijo, dependiendo del importe del pedido. No hay intereses ni existe ning\u00fan otro pago adicional.<\/p><p>Si quieres m\u00e1s informaci\u00f3n sobre esta modalidad de pago la puedes consultar <a href=\"https:\/\/www.klarna.com\/es\/\" target=\"_blank\" rel=\"noopener\"><strong>aqu\u00ed<\/strong><\/a><\/p><p><strong>\u00bfPuedo obtener una factura a nombre de mi empresa?<\/strong><br \/>\u00a1Claro! Te explicamos como: al efectuar tu compra, en el apartado donde debes introducir tus datos tienes una opci\u00f3n de \u201cDirecci\u00f3n de facturaci\u00f3n\u201d. Aqu\u00ed puedes rellenar los datos necesarios para que te preparemos tu factura. Una vez introducidos los datos solicitanos la factura desde el aparta de \u00abcontacto\u00bb y te la enviaremos.<\/p>\t\t\t\t\t\t\t\t<\/div>\n\t\t\t\t<\/div>\n\t\t\t\t\t<\/div>\n\t\t\t\t<\/div>\n\t\t\t\t<\/div>","protected":false},"excerpt":{"rendered":"<p>formas de pago \u00bfQu\u00e9 formas de pago puedo utilizar para realizar mi compra? Disponemos de los siguientes medios de pago: Tarjeta bancaria: Visa, Visa electron, Mastercard, American Express. Klarna: no pagues nada hasta 7 d\u00edas despu\u00e9s de recibir el producto. Tambi\u00e9n puedes fraccionar tu pago si supera los 50\u20ac Transferencia bancaria: si escoges esta modalidad [&hellip;]<\/p>","protected":false},"author":4,"featured_media":0,"parent":0,"menu_order":0,"comment_status":"closed","ping_status":"closed","template":"elementor_header_footer","meta":{"footnotes":""},"class_list":["post-100","page","type-page","status-publish","hentry"],"yoast_head":"<!-- This site is optimized with the Yoast SEO plugin v24.4 - https:\/\/yoast.com\/wordpress\/plugins\/seo\/ -->\n<title>Formas de pago - Natalia Moreno<\/title>\n<meta name=\"robots\" content=\"index, follow, max-snippet:-1, max-image-preview:large, max-video-preview:-1\" \/>\n<link rel=\"canonical\" href=\"https:\/\/nataliamoreno.es\/pago-seguro\/\" \/>\n<meta property=\"og:locale\" content=\"en_GB\" \/>\n<meta property=\"og:type\" content=\"article\" \/>\n<meta property=\"og:title\" content=\"Formas de pago - Natalia Moreno\" \/>\n<meta property=\"og:description\" content=\"formas de pago \u00bfQu\u00e9 formas de pago puedo utilizar para realizar mi compra? Disponemos de los siguientes medios de pago: Tarjeta bancaria: Visa, Visa electron, Mastercard, American Express. Klarna: no pagues nada hasta 7 d\u00edas despu\u00e9s de recibir el producto. Tambi\u00e9n puedes fraccionar tu pago si supera los 50\u20ac Transferencia bancaria: si escoges esta modalidad [&hellip;]\" \/>\n<meta property=\"og:url\" content=\"https:\/\/nataliamoreno.es\/pago-seguro\/\" \/>\n<meta property=\"og:site_name\" content=\"Natalia Moreno\" \/>\n<meta property=\"article:publisher\" content=\"https:\/\/www.facebook.com\/people\/Natalia-Moreno-Studio\/100064974072258\/\" \/>\n<meta property=\"article:modified_time\" content=\"2025-02-06T11:01:11+00:00\" \/>\n<meta name=\"twitter:card\" content=\"summary_large_image\" \/>\n<meta name=\"twitter:label1\" content=\"Estimated reading time\" \/>\n\t<meta name=\"twitter:data1\" content=\"2 minutes\" \/>\n<script type=\"application\/ld+json\" class=\"yoast-schema-graph\">{\"@context\":\"https:\/\/schema.org\",\"@graph\":[{\"@type\":\"WebPage\",\"@id\":\"https:\/\/nataliamoreno.es\/pago-seguro\/\",\"url\":\"https:\/\/nataliamoreno.es\/pago-seguro\/\",\"name\":\"Formas de pago - Natalia Moreno\",\"isPartOf\":{\"@id\":\"https:\/\/nataliamoreno.es\/#website\"},\"datePublished\":\"2024-04-01T17:42:58+00:00\",\"dateModified\":\"2025-02-06T11:01:11+00:00\",\"breadcrumb\":{\"@id\":\"https:\/\/nataliamoreno.es\/pago-seguro\/#breadcrumb\"},\"inLanguage\":\"en-GB\",\"potentialAction\":[{\"@type\":\"ReadAction\",\"target\":[\"https:\/\/nataliamoreno.es\/pago-seguro\/\"]}]},{\"@type\":\"BreadcrumbList\",\"@id\":\"https:\/\/nataliamoreno.es\/pago-seguro\/#breadcrumb\",\"itemListElement\":[{\"@type\":\"ListItem\",\"position\":1,\"name\":\"Portada\",\"item\":\"https:\/\/nataliamoreno.es\/\"},{\"@type\":\"ListItem\",\"position\":2,\"name\":\"Formas de pago\"}]},{\"@type\":\"WebSite\",\"@id\":\"https:\/\/nataliamoreno.es\/#website\",\"url\":\"https:\/\/nataliamoreno.es\/\",\"name\":\"Natalia Moreno\",\"description\":\"Artesan\u00eda &amp; Dise\u00f1o\",\"publisher\":{\"@id\":\"https:\/\/nataliamoreno.es\/#organization\"},\"potentialAction\":[{\"@type\":\"SearchAction\",\"target\":{\"@type\":\"EntryPoint\",\"urlTemplate\":\"https:\/\/nataliamoreno.es\/?s={search_term_string}\"},\"query-input\":{\"@type\":\"PropertyValueSpecification\",\"valueRequired\":true,\"valueName\":\"search_term_string\"}}],\"inLanguage\":\"en-GB\"},{\"@type\":\"Organization\",\"@id\":\"https:\/\/nataliamoreno.es\/#organization\",\"name\":\"Natalia Moreno\",\"url\":\"https:\/\/nataliamoreno.es\/\",\"logo\":{\"@type\":\"ImageObject\",\"inLanguage\":\"en-GB\",\"@id\":\"https:\/\/nataliamoreno.es\/#\/schema\/logo\/image\/\",\"url\":\"https:\/\/nataliamoreno.es\\n\/wp-content\/uploads\/2024\/04\/logo_Natalia_sin_leyenda.png\",\"contentUrl\":\"https:\/\/nataliamoreno.es\\n\/wp-content\/uploads\/2024\/04\/logo_Natalia_sin_leyenda.png\",\"width\":1599,\"height\":462,\"caption\":\"Natalia Moreno\"},\"image\":{\"@id\":\"https:\/\/nataliamoreno.es\/#\/schema\/logo\/image\/\"},\"sameAs\":[\"https:\/\/www.facebook.com\/people\/Natalia-Moreno-Studio\/100064974072258\/\",\"https:\/\/www.instagram.com\/nataliamorenostudio\/\"]}]}<\/script>\n<!-- \/ Yoast SEO plugin. -->","yoast_head_json":{"title":"Formas de pago - Natalia Moreno","robots":{"index":"index","follow":"follow","max-snippet":"max-snippet:-1","max-image-preview":"max-image-preview:large","max-video-preview":"max-video-preview:-1"},"canonical":"https:\/\/nataliamoreno.es\/pago-seguro\/","og_locale":"en_GB","og_type":"article","og_title":"Formas de pago - Natalia Moreno","og_description":"formas de pago \u00bfQu\u00e9 formas de pago puedo utilizar para realizar mi compra? Disponemos de los siguientes medios de pago: Tarjeta bancaria: Visa, Visa electron, Mastercard, American Express. Klarna: no pagues nada hasta 7 d\u00edas despu\u00e9s de recibir el producto. Tambi\u00e9n puedes fraccionar tu pago si supera los 50\u20ac Transferencia bancaria: si escoges esta modalidad [&hellip;]","og_url":"https:\/\/nataliamoreno.es\/pago-seguro\/","og_site_name":"Natalia Moreno","article_publisher":"https:\/\/www.facebook.com\/people\/Natalia-Moreno-Studio\/100064974072258\/","article_modified_time":"2025-02-06T11:01:11+00:00","twitter_card":"summary_large_image","twitter_misc":{"Estimated reading time":"2 minutes"},"schema":{"@context":"https:\/\/schema.org","@graph":[{"@type":"WebPage","@id":"https:\/\/nataliamoreno.es\/pago-seguro\/","url":"https:\/\/nataliamoreno.es\/pago-seguro\/","name":"Formas de pago - Natalia Moreno","isPartOf":{"@id":"https:\/\/nataliamoreno.es\/#website"},"datePublished":"2024-04-01T17:42:58+00:00","dateModified":"2025-02-06T11:01:11+00:00","breadcrumb":{"@id":"https:\/\/nataliamoreno.es\/pago-seguro\/#breadcrumb"},"inLanguage":"en-GB","potentialAction":[{"@type":"ReadAction","target":["https:\/\/nataliamoreno.es\/pago-seguro\/"]}]},{"@type":"BreadcrumbList","@id":"https:\/\/nataliamoreno.es\/pago-seguro\/#breadcrumb","itemListElement":[{"@type":"ListItem","position":1,"name":"Portada","item":"https:\/\/nataliamoreno.es\/"},{"@type":"ListItem","position":2,"name":"Formas de pago"}]},{"@type":"WebSite","@id":"https:\/\/nataliamoreno.es\/#website","url":"https:\/\/nataliamoreno.es\/","name":"Natalia Moreno","description":"Artesan\u00eda &amp; Dise\u00f1o","publisher":{"@id":"https:\/\/nataliamoreno.es\/#organization"},"potentialAction":[{"@type":"SearchAction","target":{"@type":"EntryPoint","urlTemplate":"https:\/\/nataliamoreno.es\/?s={search_term_string}"},"query-input":{"@type":"PropertyValueSpecification","valueRequired":true,"valueName":"search_term_string"}}],"inLanguage":"en-GB"},{"@type":"Organization","@id":"https:\/\/nataliamoreno.es\/#organization","name":"Natalia Moreno","url":"https:\/\/nataliamoreno.es\/","logo":{"@type":"ImageObject","inLanguage":"en-GB","@id":"https:\/\/nataliamoreno.es\/#\/schema\/logo\/image\/","url":"https:\/\/nataliamoreno.es\n\/wp-content\/uploads\/2024\/04\/logo_Natalia_sin_leyenda.png","contentUrl":"https:\/\/nataliamoreno.es\n\/wp-content\/uploads\/2024\/04\/logo_Natalia_sin_leyenda.png","width":1599,"height":462,"caption":"Natalia Moreno"},"image":{"@id":"https:\/\/nataliamoreno.es\/#\/schema\/logo\/image\/"},"sameAs":["https:\/\/www.facebook.com\/people\/Natalia-Moreno-Studio\/100064974072258\/","https:\/\/www.instagram.com\/nataliamorenostudio\/"]}]}},"_links":{"self":[{"href":"https:\/\/nataliamoreno.es\n\/en\/wp-json\/wp\/v2\/pages\/100","targetHints":{"allow":["GET"]}}],"collection":[{"href":"https:\/\/nataliamoreno.es\n\/en\/wp-json\/wp\/v2\/pages"}],"about":[{"href":"https:\/\/nataliamoreno.es\n\/en\/wp-json\/wp\/v2\/types\/page"}],"author":[{"embeddable":true,"href":"https:\/\/nataliamoreno.es\n\/en\/wp-json\/wp\/v2\/users\/4"}],"replies":[{"embeddable":true,"href":"https:\/\/nataliamoreno.es\n\/en\/wp-json\/wp\/v2\/comments?post=100"}],"version-history":[{"count":37,"href":"https:\/\/nataliamoreno.es\n\/en\/wp-json\/wp\/v2\/pages\/100\/revisions"}],"predecessor-version":[{"id":3306,"href":"https:\/\/nataliamoreno.es\n\/en\/wp-json\/wp\/v2\/pages\/100\/revisions\/3306"}],"wp:attachment":[{"href":"https:\/\/nataliamoreno.es\n\/en\/wp-json\/wp\/v2\/media?parent=100"}],"curies":[{"name":"wp","href":"https:\/\/api.w.org\/{rel}","templated":true}]}}